{"id":1741,"date":"2017-01-20T09:35:28","date_gmt":"2017-01-20T08:35:28","guid":{"rendered":"https:\/\/www.baloh.si\/?page_id=1741"},"modified":"2023-01-18T10:26:48","modified_gmt":"2023-01-18T09:26:48","slug":"employment","status":"publish","type":"page","link":"https:\/\/www.baloh.si\/en\/employment\/","title":{"rendered":"Employment"},"content":{"rendered":"\n<style type=\"text\/css\" data-created_by=\"avia_inline_auto\" id=\"style-css-av-45g2op-fec7bcb42acac6a7d013e7e3ba71c0c4\">\n.avia-section.av-45g2op-fec7bcb42acac6a7d013e7e3ba71c0c4{\nbackground-repeat:no-repeat;\nbackground-image:url(https:\/\/www.baloh.si\/wp-content\/uploads\/2016\/05\/RS39128_Creation-55-Ballerina-lpr-1920.jpg);\nbackground-position:50% 0%;\nbackground-attachment:scroll;\n}\n.avia-section.av-45g2op-fec7bcb42acac6a7d013e7e3ba71c0c4 .av-section-color-overlay{\nopacity:0.3;\nbackground-color:#000000;\n}\n<\/style>\n<div id='onas_first'  class='avia-section av-45g2op-fec7bcb42acac6a7d013e7e3ba71c0c4 main_color avia-section-default avia-no-border-styling  avia-builder-el-0  el_before_av_section  avia-builder-el-first  avia-full-stretch avia-bg-style-scroll av-section-color-overlay-active av-minimum-height av-minimum-height-50 av-height-50  container_wrap fullsize'  data-section-bg-repeat='stretch' data-av_minimum_height_pc='50' data-av_min_height_opt='50'><div class=\"av-section-color-overlay-wrap\"><div class=\"av-section-color-overlay\"><\/div><div class='container av-section-cont-open' ><main  role=\"main\" itemprop=\"mainContentOfPage\"  class='template-page content  av-content-full alpha units'><div class='post-entry post-entry-type-page post-entry-1741'><div class='entry-content-wrapper clearfix'>\n\n<style type=\"text\/css\" data-created_by=\"avia_inline_auto\" id=\"style-css-av-44n6k9-24c6184783a83d09a275d5545c39f533\">\n.flex_column.av-44n6k9-24c6184783a83d09a275d5545c39f533{\nborder-radius:0px 0px 0px 0px;\npadding:0px 0px 0px 0px;\n}\n<\/style>\n<div  class='flex_column av-44n6k9-24c6184783a83d09a275d5545c39f533 av_one_full  avia-builder-el-1  avia-builder-el-no-sibling  first flex_column_div av-zero-column-padding  '     ><section  class='av_textblock_section av-e0ytt-4ffac777fe8f1ca4362652150fe626ec '   itemscope=\"itemscope\" itemtype=\"https:\/\/schema.org\/CreativeWork\" ><div class='avia_textblock'  itemprop=\"text\" ><h1 style=\"text-align: center;\">Zaposlitev<\/h1>\n<\/div><\/section><\/div>\n\n<\/div><\/div><\/main><!-- close content main element --><\/div><\/div><\/div>\n<style type=\"text\/css\" data-created_by=\"avia_inline_auto\" id=\"style-css-av-3r6tu1-fadc2538b7fd3fd2650222d62ff1019b\">\n.avia-section.av-3r6tu1-fadc2538b7fd3fd2650222d62ff1019b{\nbackground-color:#282828;\nbackground-image:unset;\n}\n<\/style>\n<div id='storitve_second'  class='avia-section av-3r6tu1-fadc2538b7fd3fd2650222d62ff1019b main_color avia-section-default avia-no-border-styling  avia-builder-el-3  el_after_av_section  el_before_av_section  avia-bg-style-scroll container_wrap fullsize'  ><div class='container av-section-cont-open' ><div class='template-page content  av-content-full alpha units'><div class='post-entry post-entry-type-page post-entry-1741'><div class='entry-content-wrapper clearfix'>\n<div class='flex_column_table av-3m6f8h-d2982f480775465884a5e8fa20ad32c7 sc-av_one_half av-equal-height-column-flextable'>\n<style type=\"text\/css\" data-created_by=\"avia_inline_auto\" id=\"style-css-av-3m6f8h-d2982f480775465884a5e8fa20ad32c7\">\n.flex_column.av-3m6f8h-d2982f480775465884a5e8fa20ad32c7{\nborder-radius:0px 0px 0px 0px;\npadding:0px 0px 0px 0px;\n}\n<\/style>\n<div  class='flex_column av-3m6f8h-d2982f480775465884a5e8fa20ad32c7 av_one_half  avia-builder-el-4  el_before_av_one_half  avia-builder-el-first  first flex_column_table_cell av-equal-height-column av-align-middle av-zero-column-padding  '     ><section  class='av_textblock_section av-3gx9tl-3203a4b0f80741d329b9fffc3768aa95 '   itemscope=\"itemscope\" itemtype=\"https:\/\/schema.org\/CreativeWork\" ><div class='avia_textblock storitve_text storitve_text_no_padding invalid-custom-class-found'  itemprop=\"text\" ><p><span style=\"color: #999999;\">Trenutno prosto delovno mesto: <strong>KOMERCIALIST (m\/\u017e)<\/strong><\/span><\/p>\n<p><strong><span style=\"color: #999999;\">Va\u0161e naloge bodo:<\/span><\/strong><\/p>\n<p><span style=\"color: #999999;\">&#8211; prodaja dolo\u010denega prodajnega programa,<br \/>\n&#8211; strokovno svetovanje strankam o prodajnem programu,<br \/>\n&#8211; pridobivanje novih strank,<br \/>\n&#8211; doseganje prodajnih ciljev v skladu s postavljeno strategijo,<br \/>\n&#8211; skrb za pla\u010dila in izterjavo terjatev,<br \/>\n&#8211; re\u0161evanje reklamacij,<br \/>\n&#8211; ostale zadol\u017eitve po navodilih nadrejenega.<\/span><\/p>\n<p><strong><span style=\"color: #999999;\">Od vas pri\u010dakujemo:<\/span><\/strong><\/p>\n<p><span style=\"color: #999999;\">&#8211; za\u017eelena vsaj V. stopnja izobrazbe tehni\u010dne ali ekonomske smeri,<br \/>\n&#8211; obvezno znanje angle\u0161kega jezika,<br \/>\n&#8211; interes za delo v prodaji,<br \/>\n&#8211; poznavanje programov MS Office,<br \/>\n&#8211; vozni\u0161ki izpit B kategorije,<br \/>\n&#8211; delovne izku\u0161nje niso pogoj,<br \/>\n&#8211; da ste:<br \/>\n&#8211; odgovorni, vztrajni, samostojni pri delu, visoko motivirani, ambiciozni, komunikativni, ve\u0161\u010di pogajalskih sposobnosti.<\/p>\n<p><\/span><strong><span style=\"color: #999999;\">Nudimo:<\/p>\n<p><\/span><\/strong><span style=\"color: #999999;\">&#8211; zaposlitev za dolo\u010den \u010das z mo\u017enostjo dolgoro\u010dne zaposlitve,<br \/>\n<\/span><span style=\"color: #999999;\">&#8211; enoizmensko delo v prodajnem salonu od ponedeljka do petka,<br \/>\n&#8211; z delom lahko pri\u010dnete takoj.<br \/>\n<\/span><br \/>\nV kolikor ste se v opisu prepoznali, vas vljudno vabimo k prijavi na elektronski naslov lili.gerdin@baloh.si<\/p>\n<p><span style=\"color: #999999;\">Prijave bodo obravnavane zaupno.<\/span><\/p>\n<h2><\/h2>\n<\/div><\/section><\/div><div class='av-flex-placeholder'><\/div>\n<style type=\"text\/css\" data-created_by=\"avia_inline_auto\" id=\"style-css-av-36tmrt-b01abd9ce144c3c9c0341b5af34ad363\">\n.flex_column.av-36tmrt-b01abd9ce144c3c9c0341b5af34ad363{\nborder-radius:0px 0px 0px 0px;\npadding:0px 0px 0px 0px;\n}\n<\/style>\n<div  class='flex_column av-36tmrt-b01abd9ce144c3c9c0341b5af34ad363 av_one_half  avia-builder-el-6  el_after_av_one_half  avia-builder-el-last  flex_column_table_cell av-equal-height-column av-align-middle av-zero-column-padding  '     ><style type=\"text\/css\" data-created_by=\"avia_inline_auto\" id=\"style-css-av-2zu0wh-ca76a3489c74fafe52b354f052d083a1\">\n.avia-image-container.av-2zu0wh-ca76a3489c74fafe52b354f052d083a1 img.avia_image{\nbox-shadow:none;\n}\n.avia-image-container.av-2zu0wh-ca76a3489c74fafe52b354f052d083a1 .av-image-caption-overlay-center{\ncolor:#ffffff;\n}\n<\/style>\n<div  class='avia-image-container av-2zu0wh-ca76a3489c74fafe52b354f052d083a1 av-styling- avia-align-center  avia-builder-el-7  avia-builder-el-no-sibling '   itemprop=\"image\" itemscope=\"itemscope\" itemtype=\"https:\/\/schema.org\/ImageObject\" ><div class=\"avia-image-container-inner\"><div class=\"avia-image-overlay-wrap\"><img decoding=\"async\" fetchpriority=\"high\" class='wp-image-3209 avia-img-lazy-loading-not-3209 avia_image ' src=\"https:\/\/www.baloh.si\/wp-content\/uploads\/2016\/05\/Dekorativne-plo\u0161\u010de-expona-commercial-1.jpg\" alt='' title='Dekorativne plo\u0161\u010de expona commercial-1'  height=\"530\" width=\"800\"  itemprop=\"thumbnailUrl\" srcset=\"https:\/\/www.baloh.si\/wp-content\/uploads\/2016\/05\/Dekorativne-plo\u0161\u010de-expona-commercial-1.jpg 800w, https:\/\/www.baloh.si\/wp-content\/uploads\/2016\/05\/Dekorativne-plo\u0161\u010de-expona-commercial-1-300x199.jpg 300w, https:\/\/www.baloh.si\/wp-content\/uploads\/2016\/05\/Dekorativne-plo\u0161\u010de-expona-commercial-1-768x509.jpg 768w, https:\/\/www.baloh.si\/wp-content\/uploads\/2016\/05\/Dekorativne-plo\u0161\u010de-expona-commercial-1-705x467.jpg 705w, https:\/\/www.baloh.si\/wp-content\/uploads\/2016\/05\/Dekorativne-plo\u0161\u010de-expona-commercial-1-450x298.jpg 450w\" sizes=\"(max-width: 800px) 100vw, 800px\" \/><\/div><\/div><\/div><\/div><\/div><!--close column table wrapper. Autoclose: 1 --><\/div><\/div><\/div><!-- close content main div --><\/div><\/div>\n<style type=\"text\/css\" data-created_by=\"avia_inline_auto\" id=\"style-css-av-2vws0x-67e67cc961080616832431b04853f8d9\">\n.avia-section.av-2vws0x-67e67cc961080616832431b04853f8d9{\nbackground-color:#3c3c3c;\nbackground-image:unset;\n}\n<\/style>\n<div id='storitve_third'  class='avia-section av-2vws0x-67e67cc961080616832431b04853f8d9 main_color avia-section-default avia-no-border-styling  avia-builder-el-8  el_after_av_section  el_before_av_section  avia-bg-style-scroll container_wrap fullsize'  ><div class='container av-section-cont-open' ><div class='template-page content  av-content-full alpha units'><div class='post-entry post-entry-type-page post-entry-1741'><div class='entry-content-wrapper clearfix'>\n<div class='flex_column_table av-2t1rox-343934bafd3ff44ee49ce894480eed97 sc-av_one_half av-equal-height-column-flextable'>\n<style type=\"text\/css\" data-created_by=\"avia_inline_auto\" id=\"style-css-av-2t1rox-343934bafd3ff44ee49ce894480eed97\">\n.flex_column.av-2t1rox-343934bafd3ff44ee49ce894480eed97{\nborder-radius:0px 0px 0px 0px;\npadding:0px 0px 0px 0px;\n}\n<\/style>\n<div  class='flex_column av-2t1rox-343934bafd3ff44ee49ce894480eed97 av_one_half  avia-builder-el-9  el_before_av_one_half  avia-builder-el-first  first flex_column_table_cell av-equal-height-column av-align-middle av-zero-column-padding  '     ><style type=\"text\/css\" data-created_by=\"avia_inline_auto\" id=\"style-css-av-2lqsvd-d94b9bc8467d6beb8f4a421f2442fb05\">\n.avia-image-container.av-2lqsvd-d94b9bc8467d6beb8f4a421f2442fb05 img.avia_image{\nbox-shadow:none;\n}\n.avia-image-container.av-2lqsvd-d94b9bc8467d6beb8f4a421f2442fb05 .av-image-caption-overlay-center{\ncolor:#ffffff;\n}\n<\/style>\n<div  class='avia-image-container av-2lqsvd-d94b9bc8467d6beb8f4a421f2442fb05 av-styling- avia-align-center  avia-builder-el-10  avia-builder-el-no-sibling '   itemprop=\"image\" itemscope=\"itemscope\" itemtype=\"https:\/\/schema.org\/ImageObject\" ><div class=\"avia-image-container-inner\"><div class=\"avia-image-overlay-wrap\"><img decoding=\"async\" fetchpriority=\"high\" class='wp-image-3291 avia-img-lazy-loading-not-3291 avia_image ' src=\"https:\/\/www.baloh.si\/wp-content\/uploads\/2016\/05\/fond.jpg\" alt='' title='fond'  height=\"332\" width=\"590\"  itemprop=\"thumbnailUrl\" srcset=\"https:\/\/www.baloh.si\/wp-content\/uploads\/2016\/05\/fond.jpg 590w, https:\/\/www.baloh.si\/wp-content\/uploads\/2016\/05\/fond-300x169.jpg 300w, https:\/\/www.baloh.si\/wp-content\/uploads\/2016\/05\/fond-450x253.jpg 450w\" sizes=\"(max-width: 590px) 100vw, 590px\" \/><\/div><\/div><\/div><\/div><div class='av-flex-placeholder'><\/div>\n<style type=\"text\/css\" data-created_by=\"avia_inline_auto\" id=\"style-css-av-8kun5-7279c8b1bedb692c967de5f171247410\">\n.flex_column.av-8kun5-7279c8b1bedb692c967de5f171247410{\nborder-radius:0px 0px 0px 0px;\npadding:0px 0px 0px 0px;\n}\n<\/style>\n<div  class='flex_column av-8kun5-7279c8b1bedb692c967de5f171247410 av_one_half  avia-builder-el-11  el_after_av_one_half  avia-builder-el-last  flex_column_table_cell av-equal-height-column av-align-middle av-zero-column-padding  '     ><section  class='av_textblock_section av-29r1nt-a4b0151d97832cfd172eee010f1662b8 '   itemscope=\"itemscope\" itemtype=\"https:\/\/schema.org\/CreativeWork\" ><div class='avia_textblock storitve_text storitve_text_no_padding invalid-custom-class-found'  itemprop=\"text\" ><\/div><\/section><\/div><\/div><!--close column table wrapper. Autoclose: 1 -->\n<\/p>\n<\/div><\/div><\/div><!-- close content main div --><\/div><\/div>\n<style type=\"text\/css\" data-created_by=\"avia_inline_auto\" id=\"style-css-av-20durt-7625391a71c1bb894e62cb47b2ce05c6\">\n.avia-section.av-20durt-7625391a71c1bb894e62cb47b2ce05c6{\nbackground-repeat:no-repeat;\nbackground-image:url(https:\/\/www.baloh.si\/wp-content\/uploads\/2016\/04\/c2a.jpg);\nbackground-position:50% 50%;\nbackground-attachment:scroll;\n}\n<\/style>\n<div id='onas_third'  class='avia-section av-20durt-7625391a71c1bb894e62cb47b2ce05c6 main_color avia-section-default avia-no-shadow  avia-builder-el-13  el_after_av_section  el_before_av_layout_row  avia-full-stretch avia-bg-style-scroll av-minimum-height av-minimum-height-custom av-height-custom  container_wrap fullsize'  data-section-bg-repeat='stretch' data-av_minimum_height_px='400'><div class='container av-section-cont-open' style='height:400px'><div class='template-page content  av-content-full alpha units'><div class='post-entry post-entry-type-page post-entry-1741'><div class='entry-content-wrapper clearfix'>\n\n<style type=\"text\/css\" data-created_by=\"avia_inline_auto\" id=\"style-css-av-1uxhbt-f4a4fc67bbf08613bd3ee861a10ab360\">\n.flex_column.av-1uxhbt-f4a4fc67bbf08613bd3ee861a10ab360{\nborder-radius:0px 0px 0px 0px;\npadding:0px 0px 0px 0px;\n}\n<\/style>\n<div  class='flex_column av-1uxhbt-f4a4fc67bbf08613bd3ee861a10ab360 av_one_half  avia-builder-el-14  avia-builder-el-no-sibling  na_desno first flex_column_div av-zero-column-padding  '     ><section  class='av_textblock_section av-1rv20p-ec078b07b08a14606b0e1e547115ba4c '   itemscope=\"itemscope\" itemtype=\"https:\/\/schema.org\/CreativeWork\" ><div class='avia_textblock'  itemprop=\"text\" ><p style=\"text-align: center;\">Z veseljem vam bomo pomagali pri izbiri prave<br \/>\ntalne obloge za va\u0161 dom!<\/p>\n<p style=\"text-align: center;\"><a href=\"https:\/\/www.baloh.si\/kontakt\/\">Kontaktirajte nas<\/a><\/p>\n<\/div><\/section><\/div>\n\n<\/div><\/div><\/div><!-- close content main div --><\/div><\/div><div id='storitve_last'  class='av-layout-grid-container av-1n6aeh-f30cba8d44fe9ceb415a1e72924ceb57 entry-content-wrapper main_color av-fixed-cells  avia-builder-el-16  el_after_av_section  avia-builder-el-last  grid-row-not-first  container_wrap fullsize'  >\n\n<style type=\"text\/css\" data-created_by=\"avia_inline_auto\" id=\"style-css-av-1f0y7t-251cae8c63ba6c5e939494b7efc51a5f\">\n.flex_cell.av-1f0y7t-251cae8c63ba6c5e939494b7efc51a5f{\nvertical-align:middle;\nbackground:url(https:\/\/www.baloh.si\/wp-content\/uploads\/2016\/04\/RS14906_Boogie-lpr-1.jpg) 50% 50% no-repeat scroll ;\n}\n.responsive #top #wrap_all .flex_cell.av-1f0y7t-251cae8c63ba6c5e939494b7efc51a5f{\npadding:0px 0px 0px 0px !important;\n}\n<\/style>\n<div class='flex_cell av-1f0y7t-251cae8c63ba6c5e939494b7efc51a5f av-gridrow-cell av_one_fourth no_margin  avia-builder-el-17  el_before_av_cell_one_fourth  avia-builder-el-first  content-align-middle av-zero-padding avia-full-stretch'  ><div class='flex_cell_inner'><section  class='av_textblock_section av-19iqex-1a35b3fae6a05856341b60f1c1154d1b '   itemscope=\"itemscope\" itemtype=\"https:\/\/schema.org\/CreativeWork\" ><div class='avia_textblock'  itemprop=\"text\" ><p style=\"text-align: center;\">LESENE<br \/>\ntalne obloge<br \/>\n<em><a href=\"https:\/\/www.baloh.si\/lesene-talne-obloge\/\">l<\/a><\/em><\/p>\n<\/div><\/section>\n<\/div><\/div>\n<style type=\"text\/css\" data-created_by=\"avia_inline_auto\" id=\"style-css-av-13afkh-829297a0d1a27e17e5c8f6fc0fa2b544\">\n.flex_cell.av-13afkh-829297a0d1a27e17e5c8f6fc0fa2b544{\nvertical-align:middle;\nbackground:url(https:\/\/www.baloh.si\/wp-content\/uploads\/2016\/04\/Vinilne_program.jpg) 50% 50% no-repeat scroll ;\n}\n.responsive #top #wrap_all .flex_cell.av-13afkh-829297a0d1a27e17e5c8f6fc0fa2b544{\npadding:0px 0px 0px 0px !important;\n}\n<\/style>\n<div class='flex_cell av-13afkh-829297a0d1a27e17e5c8f6fc0fa2b544 av-gridrow-cell av_one_fourth no_margin  avia-builder-el-19  el_after_av_cell_one_fourth  el_before_av_cell_one_fourth  content-align-middle av-zero-padding avia-full-stretch'  ><div class='flex_cell_inner'><section  class='av_textblock_section av-xeazt-cdf4f5e14857d417668ad360bc57aa55 '   itemscope=\"itemscope\" itemtype=\"https:\/\/schema.org\/CreativeWork\" ><div class='avia_textblock'  itemprop=\"text\" ><p style=\"text-align: center;\">VINILNE<br \/>\ntalne obloge<br \/>\n<em><a href=\"https:\/\/www.baloh.si\/vinilne-talne-obloge\/\">l<\/a><\/em><\/p>\n<\/div><\/section>\n<\/div><\/div>\n<style type=\"text\/css\" data-created_by=\"avia_inline_auto\" id=\"style-css-av-sicw1-d06e4b420da06801254899bf469c75d0\">\n.flex_cell.av-sicw1-d06e4b420da06801254899bf469c75d0{\nvertical-align:middle;\nbackground:url(https:\/\/www.baloh.si\/wp-content\/uploads\/2016\/04\/tekstilne.jpg) 50% 100% no-repeat scroll ;\n}\n.responsive #top #wrap_all .flex_cell.av-sicw1-d06e4b420da06801254899bf469c75d0{\npadding:0px 0px 0px 0px !important;\n}\n<\/style>\n<div class='flex_cell av-sicw1-d06e4b420da06801254899bf469c75d0 av-gridrow-cell av_one_fourth no_margin  avia-builder-el-21  el_after_av_cell_one_fourth  el_before_av_cell_one_fourth  content-align-middle av-zero-padding avia-full-stretch'  ><div class='flex_cell_inner'><section  class='av_textblock_section av-1uyb5-841f62bb8ef2966f694637a9dfb31554 '   itemscope=\"itemscope\" itemtype=\"https:\/\/schema.org\/CreativeWork\" ><div class='avia_textblock'  itemprop=\"text\" ><p style=\"text-align: center;\">TEKSTILNE<br \/>\ntalne obloge<br \/>\n<em><a href=\"https:\/\/www.baloh.si\/tekstilne-talne-obloge\/\">l<\/a><\/em><\/p>\n<\/div><\/section>\n<\/div><\/div>\n<style type=\"text\/css\" data-created_by=\"avia_inline_auto\" id=\"style-css-av-f50yh-747e246d7aefd54d593bb271825c5578\">\n.flex_cell.av-f50yh-747e246d7aefd54d593bb271825c5578{\nvertical-align:middle;\nbackground:url(https:\/\/www.baloh.si\/wp-content\/uploads\/2016\/04\/dodatni_program_program.jpg) 50% 0% no-repeat scroll ;\n}\n.responsive #top #wrap_all .flex_cell.av-f50yh-747e246d7aefd54d593bb271825c5578{\npadding:0px 0px 0px 0px !important;\n}\n<\/style>\n<div class='flex_cell av-f50yh-747e246d7aefd54d593bb271825c5578 av-gridrow-cell av_one_fourth no_margin  avia-builder-el-23  el_after_av_cell_one_fourth  avia-builder-el-last  content-align-middle av-zero-padding avia-full-stretch'  ><div class='flex_cell_inner'><section  class='av_textblock_section av-8fnwx-5904cb8ee0b39852d6302cb7d410f00f '   itemscope=\"itemscope\" itemtype=\"https:\/\/schema.org\/CreativeWork\" ><div class='avia_textblock'  itemprop=\"text\" ><p style=\"text-align: center;\">DODATNI<br \/>\nPROGRAM<br \/>\n<em><a href=\"https:\/\/www.baloh.si\/dodatni-program\/\">l<\/a><\/em><\/p>\n<\/div><\/section>\n<\/div><\/div>\n<\/div>\n","protected":false},"excerpt":{"rendered":"","protected":false},"author":1,"featured_media":0,"parent":0,"menu_order":0,"comment_status":"closed","ping_status":"closed","template":"","meta":{"_acf_changed":false,"footnotes":""},"class_list":["post-1741","page","type-page","status-publish","hentry"],"acf":[],"yoast_head":"<!-- This site is optimized with the Yoast SEO plugin v27.2 - https:\/\/yoast.com\/product\/yoast-seo-wordpress\/ -->\n<title>Employment - Baloh.si<\/title>\n<meta name=\"robots\" content=\"index, follow, max-snippet:-1, max-image-preview:large, max-video-preview:-1\" \/>\n<link rel=\"canonical\" href=\"https:\/\/www.baloh.si\/en\/employment\/\" \/>\n<meta property=\"og:locale\" content=\"en_US\" \/>\n<meta property=\"og:type\" content=\"article\" \/>\n<meta property=\"og:title\" content=\"Employment - Baloh.si\" \/>\n<meta property=\"og:url\" content=\"https:\/\/www.baloh.si\/en\/employment\/\" \/>\n<meta property=\"og:site_name\" content=\"Baloh.si\" \/>\n<meta property=\"article:modified_time\" content=\"2023-01-18T09:26:48+00:00\" \/>\n<meta name=\"twitter:card\" content=\"summary_large_image\" \/>\n<meta name=\"twitter:label1\" content=\"Est. reading time\" \/>\n\t<meta name=\"twitter:data1\" content=\"7 minutes\" \/>\n<script type=\"application\/ld+json\" class=\"yoast-schema-graph\">{\"@context\":\"https:\/\/schema.org\",\"@graph\":[{\"@type\":\"WebPage\",\"@id\":\"https:\/\/www.baloh.si\/en\/employment\/\",\"url\":\"https:\/\/www.baloh.si\/en\/employment\/\",\"name\":\"Employment - Baloh.si\",\"isPartOf\":{\"@id\":\"https:\/\/www.baloh.si\/#website\"},\"datePublished\":\"2017-01-20T08:35:28+00:00\",\"dateModified\":\"2023-01-18T09:26:48+00:00\",\"breadcrumb\":{\"@id\":\"https:\/\/www.baloh.si\/en\/employment\/#breadcrumb\"},\"inLanguage\":\"en-US\",\"potentialAction\":[{\"@type\":\"ReadAction\",\"target\":[\"https:\/\/www.baloh.si\/en\/employment\/\"]}]},{\"@type\":\"BreadcrumbList\",\"@id\":\"https:\/\/www.baloh.si\/en\/employment\/#breadcrumb\",\"itemListElement\":[{\"@type\":\"ListItem\",\"position\":1,\"name\":\"Home\",\"item\":\"https:\/\/www.baloh.si\/en\/home-page\/\"},{\"@type\":\"ListItem\",\"position\":2,\"name\":\"Employment\"}]},{\"@type\":\"WebSite\",\"@id\":\"https:\/\/www.baloh.si\/#website\",\"url\":\"https:\/\/www.baloh.si\/\",\"name\":\"Baloh.si\",\"description\":\"\",\"potentialAction\":[{\"@type\":\"SearchAction\",\"target\":{\"@type\":\"EntryPoint\",\"urlTemplate\":\"https:\/\/www.baloh.si\/?s={search_term_string}\"},\"query-input\":{\"@type\":\"PropertyValueSpecification\",\"valueRequired\":true,\"valueName\":\"search_term_string\"}}],\"inLanguage\":\"en-US\"}]}<\/script>\n<!-- \/ Yoast SEO plugin. -->","yoast_head_json":{"title":"Employment - Baloh.si","robots":{"index":"index","follow":"follow","max-snippet":"max-snippet:-1","max-image-preview":"max-image-preview:large","max-video-preview":"max-video-preview:-1"},"canonical":"https:\/\/www.baloh.si\/en\/employment\/","og_locale":"en_US","og_type":"article","og_title":"Employment - Baloh.si","og_url":"https:\/\/www.baloh.si\/en\/employment\/","og_site_name":"Baloh.si","article_modified_time":"2023-01-18T09:26:48+00:00","twitter_card":"summary_large_image","twitter_misc":{"Est. reading time":"7 minutes"},"schema":{"@context":"https:\/\/schema.org","@graph":[{"@type":"WebPage","@id":"https:\/\/www.baloh.si\/en\/employment\/","url":"https:\/\/www.baloh.si\/en\/employment\/","name":"Employment - Baloh.si","isPartOf":{"@id":"https:\/\/www.baloh.si\/#website"},"datePublished":"2017-01-20T08:35:28+00:00","dateModified":"2023-01-18T09:26:48+00:00","breadcrumb":{"@id":"https:\/\/www.baloh.si\/en\/employment\/#breadcrumb"},"inLanguage":"en-US","potentialAction":[{"@type":"ReadAction","target":["https:\/\/www.baloh.si\/en\/employment\/"]}]},{"@type":"BreadcrumbList","@id":"https:\/\/www.baloh.si\/en\/employment\/#breadcrumb","itemListElement":[{"@type":"ListItem","position":1,"name":"Home","item":"https:\/\/www.baloh.si\/en\/home-page\/"},{"@type":"ListItem","position":2,"name":"Employment"}]},{"@type":"WebSite","@id":"https:\/\/www.baloh.si\/#website","url":"https:\/\/www.baloh.si\/","name":"Baloh.si","description":"","potentialAction":[{"@type":"SearchAction","target":{"@type":"EntryPoint","urlTemplate":"https:\/\/www.baloh.si\/?s={search_term_string}"},"query-input":{"@type":"PropertyValueSpecification","valueRequired":true,"valueName":"search_term_string"}}],"inLanguage":"en-US"}]}},"_links":{"self":[{"href":"https:\/\/www.baloh.si\/en\/wp-json\/wp\/v2\/pages\/1741","targetHints":{"allow":["GET"]}}],"collection":[{"href":"https:\/\/www.baloh.si\/en\/wp-json\/wp\/v2\/pages"}],"about":[{"href":"https:\/\/www.baloh.si\/en\/wp-json\/wp\/v2\/types\/page"}],"author":[{"embeddable":true,"href":"https:\/\/www.baloh.si\/en\/wp-json\/wp\/v2\/users\/1"}],"replies":[{"embeddable":true,"href":"https:\/\/www.baloh.si\/en\/wp-json\/wp\/v2\/comments?post=1741"}],"version-history":[{"count":32,"href":"https:\/\/www.baloh.si\/en\/wp-json\/wp\/v2\/pages\/1741\/revisions"}],"predecessor-version":[{"id":9021,"href":"https:\/\/www.baloh.si\/en\/wp-json\/wp\/v2\/pages\/1741\/revisions\/9021"}],"wp:attachment":[{"href":"https:\/\/www.baloh.si\/en\/wp-json\/wp\/v2\/media?parent=1741"}],"curies":[{"name":"wp","href":"https:\/\/api.w.org\/{rel}","templated":true}]}}