{"id":4553,"date":"2019-06-03T13:01:42","date_gmt":"2019-06-03T11:01:42","guid":{"rendered":"https:\/\/www.baloh.si\/privacy-policy\/"},"modified":"2020-11-25T11:11:27","modified_gmt":"2020-11-25T10:11:27","slug":"privacy-policy","status":"publish","type":"page","link":"https:\/\/www.baloh.si\/de\/privacy-policy\/","title":{"rendered":"Privacy policy"},"content":{"rendered":"\n<style type=\"text\/css\" data-created_by=\"avia_inline_auto\" id=\"style-css-av-6zedot-4284aacec5e97485442a812e312a6d33\">\n.avia-section.av-6zedot-4284aacec5e97485442a812e312a6d33{\nbackground-repeat:no-repeat;\nbackground-image:url(https:\/\/www.baloh.si\/wp-content\/uploads\/2019\/06\/EXPONA-COMMERCIAL_a_COM_5106_Liquorice_Parchment_300dpi_CMYK_161102-1500x1346.jpg);\nbackground-position:50% 50%;\nbackground-attachment:scroll;\n}\n.avia-section.av-6zedot-4284aacec5e97485442a812e312a6d33 .av-section-color-overlay{\nopacity:0.3;\nbackground-color:#000000;\n}\n<\/style>\n<div id='onas_first'  class='avia-section av-6zedot-4284aacec5e97485442a812e312a6d33 main_color avia-section-default avia-no-border-styling  avia-builder-el-0  el_before_av_section  avia-builder-el-first  avia-full-stretch avia-bg-style-scroll av-section-color-overlay-active av-minimum-height av-minimum-height-75 av-height-75  container_wrap fullsize'  data-section-bg-repeat='stretch' data-av_minimum_height_pc='75' data-av_min_height_opt='75'><div class=\"av-section-color-overlay-wrap\"><div class=\"av-section-color-overlay\"><\/div><div class='container av-section-cont-open' ><main  role=\"main\" itemprop=\"mainContentOfPage\"  class='template-page content  av-content-full alpha units'><div class='post-entry post-entry-type-page post-entry-4553'><div class='entry-content-wrapper clearfix'>\n\n<style type=\"text\/css\" data-created_by=\"avia_inline_auto\" id=\"style-css-av-5vlzbx-1715338aa775018ce664836f7ed3ea3f\">\n.flex_column.av-5vlzbx-1715338aa775018ce664836f7ed3ea3f{\nborder-radius:0px 0px 0px 0px;\npadding:0px 0px 0px 0px;\n}\n<\/style>\n<div  class='flex_column av-5vlzbx-1715338aa775018ce664836f7ed3ea3f av_one_full  avia-builder-el-1  avia-builder-el-no-sibling  first flex_column_div av-zero-column-padding  '     ><section  class='av_textblock_section av-jwg9kcv5-166d0958f60091b74eb5580f068aa533 '   itemscope=\"itemscope\" itemtype=\"https:\/\/schema.org\/CreativeWork\" ><div class='avia_textblock'  itemprop=\"text\" ><h1 style=\"text-align: center;\">Politika zasebnosti<\/h1>\n<p style=\"text-align: center;\">\n<\/div><\/section><\/div>\n\n<\/div><\/div><\/main><!-- close content main element --><\/div><\/div><\/div>\n<style type=\"text\/css\" data-created_by=\"avia_inline_auto\" id=\"style-css-av-4n0eel-b522a7523f104ee761342bd855f86d23\">\n.avia-section.av-4n0eel-b522a7523f104ee761342bd855f86d23{\nbackground-color:#282828;\nbackground-image:unset;\n}\n<\/style>\n<div id='onas_fourth'  class='avia-section av-4n0eel-b522a7523f104ee761342bd855f86d23 main_color avia-section-default avia-no-border-styling  avia-builder-el-3  el_after_av_section  avia-builder-el-last  avia-bg-style-scroll av-minimum-height av-minimum-height-custom av-height-custom  container_wrap fullsize'   data-av_minimum_height_px='340'><div class='container av-section-cont-open' style='height:340px'><div class='template-page content  av-content-full alpha units'><div class='post-entry post-entry-type-page post-entry-4553'><div class='entry-content-wrapper clearfix'>\n\n<style type=\"text\/css\" data-created_by=\"avia_inline_auto\" id=\"style-css-av-2p31el-068a3d1cb00f87a3a43049b3e28062a5\">\n.flex_column.av-2p31el-068a3d1cb00f87a3a43049b3e28062a5{\nborder-radius:0px 0px 0px 0px;\npadding:0px 0px 0px 0px;\n}\n<\/style>\n<div  class='flex_column av-2p31el-068a3d1cb00f87a3a43049b3e28062a5 av_one_full  avia-builder-el-4  avia-builder-el-no-sibling  first flex_column_div av-zero-column-padding  '     ><section  class='av_textblock_section av-jwg9l16q-53de6441947fc5077b62b06dc9aa06da '   itemscope=\"itemscope\" itemtype=\"https:\/\/schema.org\/CreativeWork\" ><div class='avia_textblock'  itemprop=\"text\" ><p><span style=\"color: #999999;\">Politika zasebnosti<\/span><\/p>\n<p><span style=\"color: #999999;\">Ta politika zasebnosti ureja zbiranje, hrambo in obdelavo osebnih podatkov, ki jih BALOH INTERNATIONAL d.o.o. zbira od vas, ko se naro\u010dite na prejemanje vsebin kot so e-novice, vabila na dogodke ali podobno. Upravljavci vodijo osebne podatke kot skupni upravljavci po 26. \u010dlenu EU GDPR.<\/span><\/p>\n<p><span style=\"color: #999999;\">Upravljavec<\/span><\/p>\n<p><span style=\"color: #999999;\">Upravljavec osebnih podatkov v pomenu, kot ga dolo\u010data Splo\u0161na uredba EU o varstvu osebnih podatkov in veljavni zakon, ki ureja varstvo osebnih podatkov je:<\/span><\/p>\n<p><span style=\"color: #999999;\">BALOH INTERNATIONAL d.o.o.<\/span><br \/>\n<span style=\"color: #999999;\"> Brodi\u0161\u010de 12<\/span><br \/>\n<span style=\"color: #999999;\"> 1236 Trzin<\/span><br \/>\n<span style=\"color: #999999;\"> ID za DDV: SI73361267<\/span><br \/>\n<span style=\"color: #999999;\"> Mati\u010dna \u0161tevilka: 1666959000<\/span><\/p>\n<p><span style=\"color: #999999;\">Osebni podatki in namen njihove obdelave<\/span><\/p>\n<p><span style=\"color: #999999;\">V kolikor \u017eelite prejemati vsebine BALOH INTERNATIONAL d.o.o. se lahko prijavite ali odjavite na naslednje obdelave:<\/span><\/p>\n<ul>\n<li><span style=\"color: #999999;\">ob\u010dasne e-novice<\/span><\/li>\n<\/ul>\n<p><span style=\"color: #999999;\">Z izpolnitvijo teh obrazcev, naro\u010dilnice, prijave oziroma registracije in potrditvijo posredujete BALOH INTERNATIONAL d.o.o. naslednje kontaktne podatke:<\/span><\/p>\n<ul>\n<li><span style=\"color: #999999;\">ime<\/span><\/li>\n<li><span style=\"color: #999999;\">priimek<\/span><\/li>\n<li><span style=\"color: #999999;\">e-po\u0161tni naslov<\/span><\/li>\n<li><span style=\"color: #999999;\">telefonsko \u0161tevilko<\/span><\/li>\n<\/ul>\n<p><span style=\"color: #999999;\">Kontaktne podatke, ki nam jih posredujete ob izpolnitvi oz. oddaji teh obrazcev, naro\u010dilnice, prijave oziroma registracije, potrebujemo za obdelavo va\u0161ega naro\u010dila in za komunikacijo z vami glede konkretnih e-novic, dogodkov, obvestil o posebnih akcijah ali publikacij. BALOH INTERNATIONAL d.o.o.\u00a0 spo\u0161tuje va\u0161o zasebnost in je zavezan, da pri zbiranju, hrambi in obdelavi osebnih podatkov ravna skrbno in v skladu z veljavnimi predpisi o varstvu osebnih podatkov. Ker obstajajo v spletnem informacijskem sistemu BALOH INTERNATIONAL d.o.o.\u00a0 povezave na druge, zunanje spletne strani, ki niso neposredno vezane na BALOH INTERNATIONAL d.o.o. , ne prevzemamo nikakr\u0161ne odgovornosti za za\u0161\u010dito podatkov na teh spletnih straneh. Da bi prepre\u010dili nepoobla\u0161\u010den dostop do pridobljenih podatkov ali njihovo razkritje, ohranili natan\u010dnost osebnih podatkov in zagotovili njihovo ustrezno uporabo, uporabljamo ustrezne tehni\u010dne in organizacijske postopke za zavarovanje podatkov, ki jih zbiramo. BALOH INTERNATIONAL d.o.o. ne more v celoti izklju\u010diti morebitnega odtekanja ali zlorabe podatkov, saj so spletne tehnologije odprte za javnost in tako lahko \u017ertev ra\u010dunalni\u0161kih vdorov in kot take nepredvidljive.<\/span><\/p>\n<p><span style=\"color: #999999;\">OPOZORILO: EU GDPR ne predpisuje posebnih tehni\u010dnih ukrepov varovanja identitete ponudnika spletne strani oz. upravljavca, kot tudi ne predpisuje izkazovanja identitete obiskovalca spletne strani. Zato so zahteve po varovanju osebnih podatkov do dopolnitve predpisa o varovanju in obveznosti izkazovanja identitete upravljavca prepu\u0161\u010dene posamezniku, da se sam odlo\u010da ali verjame izkazani neza\u0161\u010diteni identiteti upravljavca, ki naj bi jo upravljal. Upravljavec tudi ne jam\u010di, da je lahko prepri\u010dan, da je strinjanje pridobil od posameznika, ki naj bi se strinjal s pogoji obve\u0161\u010danja, saj se posameznik proti upravljavcu v postopku potrjevanja ne identificira na enoli\u010den in preverljiv na\u010din.<\/span><\/p>\n<p><span style=\"color: #999999;\">Seznam spletnih mest, ki jih upravlja upravljalec<\/span><\/p>\n<p><span style=\"color: #999999;\">Podjetje BALOH INTERNATIONAL d.o.o. upravlja naslednje spletne strani:<\/span><\/p>\n<table>\n<tbody>\n<tr>\n<td width=\"184\"><span style=\"color: #999999;\">Spletne strani<\/span><\/td>\n<td width=\"435\"><span style=\"color: #999999;\">Opis spletne strani<\/span><\/td>\n<\/tr>\n<tr>\n<td width=\"184\"><span style=\"color: #999999;\">baloh.si, brsplus.si<\/span><\/td>\n<td width=\"435\"><span style=\"color: #999999;\">predstavitvena spletna stran<\/span><\/td>\n<\/tr>\n<\/tbody>\n<\/table>\n<p><span style=\"color: #999999;\">Soglasje<\/span><\/p>\n<p><span style=\"color: #999999;\">Osebne podatke, ki nam jih posredujete ob prijavi na e-novice, dogodke, obvestila o posebnih prilo\u017enostih ali publikacije in ostale produkte BALOH INTERNATIONAL d.o.o. obdelujemo z va\u0161im jasnim in nedvoumnim soglasjem, ki temelji na \u010dlenu 6 (1), (a) Splo\u0161ne uredbe EU o varstvu osebnih podatkov (GDPR). Z namenom izbolj\u0161ave kakovosti na\u0161ih produktov in storitev in za statisti\u010dne namene, v zvezi z elektronskimi sporo\u010dili, ki vam jih po\u0161iljamo, obdelujemo tudi podatke o prikazih prejetih sporo\u010dil in klikih na povezave v prejetih sporo\u010dilih.<\/span><\/p>\n<p><span style=\"color: #999999;\">Soglasje za obdelavo osebnih podatkov podate s tem, ko na spletnih straneh BALOH INTERNATIONAL d.o.o., naro\u010dilnicah, prijavah oziroma registracijah vpi\u0161ete svoje osebne podatke in se strinjate z vsako posami\u010dno obdelavo na katero pristanete. Vpis osebnih podatkov BALOH INTERNATIONAL d.o.o. ne pogojuje privolitve v obdelavo pri obdelavah, kjer namen presega osnovni namen obdelave zaradi katere ste pri\u0161li na spletno stran.<\/span><br \/>\n<span style=\"color: #999999;\"> Upravljavec BALOH INTERNATIONAL d.o.o. za obve\u0161\u010danje o spremembah pogojev poslovanja in spremembah politike zasebnosti uporablja storitev po\u0161iljanja dokazljive elektronske po\u0161te ali priporo\u010deno regularno po\u0161to. Zato boste o spremembah obve\u0161\u010deni na na\u010din, ki upravljavcu zagotavlja dokaz o pravo\u010dasni obve\u0161\u010denosti glede sprememb pogojev poslovanja oziroma politiki zasebnosti. Vse spremembe bodo objavljene tudi na spletni strani podjetja.<\/span><br \/>\n<span style=\"color: #999999;\"> Osebne podatke za namene, kot ga dolo\u010da veljavna zakonodaja in kjer ni potrebna privolitev, ker je pravna podlaga obstoje\u010da zakonodaja (npr. hranjenje ra\u010dunov, sklenjenih pogodb in podobno) hranimo in varujemo v skladu z Splo\u0161no uredbo EU o varstvu osebnih podatkov (GDPR).<\/span><\/p>\n<p><span style=\"color: #999999;\">Va\u0161e pravice<\/span><\/p>\n<p><span style=\"color: #999999;\">V skladu z dolo\u010dili Splo\u0161ne uredbe EU o varstvu osebnih podatkov (GDPR) imate pravico do dostopa do va\u0161ih osebnih podatkov, pravico do popravka, pravico do izbrisa (&#8222;pozabe&#8220;), pravico do prenosljivosti, pravico zahtevati omejitev obdelave osebnih podatkov in pravico do ugovora. \u010ce mislite, da so va\u0161e pravice na spletnih straneh podjetja BALOH INTERNATIONAL d.o.o. kakorkoli kr\u0161ene se lahko obrnete na: Informacijski poobla\u0161\u010denec Republike Slovenije (Zalo\u0161ka 59, 1000 Ljubljana, telefon: 01 230 97 30, faks: 01 230 97 78, e-po\u0161ta:gp.ip@ip-rs.si).<\/span><br \/>\n<span style=\"color: #999999;\"> Prav tako se lahko od prejemanja\u00a0 e-novic kadarkoli odjavite na elektronski naslov info@baloh.si, oz. v prejetem elektronskem sporo\u010dilu s potrditvijo polja &#8222;Odjava&#8220;.<\/span><br \/>\n<span style=\"color: #999999;\"> <strong><br \/>\n<\/strong>\u010cas hrambe osebnih podatkov<\/span><\/p>\n<p><span style=\"color: #999999;\">Va\u0161e osebne podatke hranimo toliko \u010dasa, kolikor je to potrebno za namen po\u0161iljanja vsebin novic, vabil na dogodke, publikacij. Rok hrambe osebnih podatkov se lahko razlikuje glede na veljavno sektorsko zakonodajo (npr. zakonodaja s podro\u010dja davkov, ra\u010dunovodstva). V primeru, ko veljavna sektorska zakonodaja dolo\u010da obvezne roke za hrambo osebnih podatkov, BALOH INTERNATIONAL d.o.o. izbri\u0161e osebne podatke po poteku z zakonom predpisanega obveznega roka.<\/span><\/p>\n<p><span style=\"color: #999999;\">Pi\u0161kotki<\/span><\/p>\n<p><span style=\"color: #999999;\">Kaj so pi\u0161kotki?<\/span><br \/>\n<span style=\"color: #999999;\"> Pi\u0161kotek je datoteka, ki shrani nastavitve spletnih strani. Spletna mesta pi\u0161kotke shranijo v naprave uporabnikov, s katerimi dostopajo do interneta z namenom prepoznavanja posameznih naprav in nastavitev, ki so jih uporabniki uporabili pri dostopu. Pi\u0161kotki omogo\u010dajo spletnim stranem prepoznavanje, \u010de je uporabnik \u017ee obiskal to spletno mesto in pri naprednih aplikacijah se lahko z njihovo pomo\u010djo ustrezno prilagodijo posamezne nastavitve. Njihovo shranjevanje je pod popolnim nadzorom brskalnika, ki ga uporablja uporabnik &#8211; ta lahko shranjevanje pi\u0161kotkov po \u017eelji omeji ali onemogo\u010di.<\/span><\/p>\n<p><span style=\"color: #999999;\">Zakaj so pi\u0161kotki potrebni?<\/span><\/p>\n<p><span style=\"color: #999999;\">Pi\u0161kotki so temeljnega pomena za zagotavljanje uporabniku prijaznih spletnih storitev; najpogostej\u0161e funkcije e-poslovanja ne bi bile mogo\u010de brez pi\u0161kotkov. Interakcija med spletnim uporabnikom in spletno stranjo je s pomo\u010djo pi\u0161kotkov hitrej\u0161a in enostavnej\u0161a. Z njihovo pomo\u010djo si spletna stran zapomni posameznikove preference in izku\u0161nje, brskanje po spletnih straneh pa je s tem bolj u\u010dinkovito in prijetno. Razlogov za uporabo pi\u0161kotkov je ve\u010d. Uporabljajo se za shranjevanje podatkov o stanju posamezne spletne strani (podrobnosti o prilagoditvah posamezne spletne strani), pomagajo pri izvajanju spletnih storitev (npr. spletne trgovine), pomagajo pri zbiranju statistik o uporabnikih in obiskanosti spletnega mesta, o navadah spletnega uporabnika , itd. S pomo\u010djo pi\u0161kotkov lahko torej ocenimo u\u010dinkovitost zasnove na\u0161ega spletnega mesta. O priporo\u010deni in dovoljeni uporabi pi\u0161kotkov na spletnih straneh si lahko preberete tudi smernice informacijskega poobla\u0161\u010denca za uporabo pi\u0161kotkov, ki jih najdete tukaj.<\/span><\/p>\n<p><span style=\"color: #999999;\">Seznam pi\u0161kotkov na na\u0161ih spletnih straneh:<\/span><\/p>\n<table>\n<tbody>\n<tr>\n<td width=\"151\"><span style=\"color: #999999;\">Spletne strani<\/span><\/td>\n<td width=\"213\"><span style=\"color: #999999;\">Ime pi\u0161kotka<\/span><\/td>\n<td width=\"69\"><span style=\"color: #999999;\">Trajanje<\/span><\/td>\n<td width=\"182\"><span style=\"color: #999999;\">Opis<\/span><\/td>\n<\/tr>\n<tr>\n<td width=\"151\"><span style=\"color: #999999;\">baloh.si<\/span><\/td>\n<td width=\"213\"><span style=\"color: #999999;\">EuCookieLaw<\/span><\/td>\n<td width=\"69\"><span style=\"color: #999999;\">1 leto<\/span><\/td>\n<td width=\"182\"><span style=\"color: #999999;\">Shrani uporabnikove preference<\/span><\/td>\n<\/tr>\n<tr>\n<td width=\"151\"><span style=\"color: #999999;\">baloh.si<\/span><\/td>\n<td width=\"213\"><span style=\"color: #999999;\">Google Analytics<\/span><\/td>\n<td width=\"69\"><span style=\"color: #999999;\">2 leti<\/span><\/td>\n<td width=\"182\"><span style=\"color: #999999;\">Zabele\u017ei razlikovanje med uporabniki in sejami<\/span><\/td>\n<\/tr>\n<tr>\n<td width=\"151\"><span style=\"color: #999999;\">baloh.si<\/span><\/td>\n<td width=\"213\"><span style=\"color: #999999;\">Facebook pixel<\/span><\/td>\n<td width=\"69\"><span style=\"color: #999999;\">1 leto<\/span><\/td>\n<td width=\"182\"><span style=\"color: #999999;\">Facebook analiza<\/span><\/td>\n<\/tr>\n<\/tbody>\n<\/table>\n<p><span style=\"color: #999999;\">Dejanski pi\u0161kotki v \u010dasu priprave dokumentacije:<\/span><br \/>\n<span style=\"color: #999999;\"> Pi\u0161kotki, ki jih uporabljamo na na\u0161i spletni strani, ne zbirajo va\u0161ih dodatnih osebnih podatkov na katere niste pristali in s katerimi bi vas bilo mogo\u010de osebno prepoznati. Pi\u0161kotki ne morejo po\u0161kodovati va\u0161ega ra\u010dunalnika, tablice ali mobilnega telefona. Pi\u0161kotki omogo\u010dajo delovanje na\u0161ih spletnih mest in nam pomagajo razumeti, katere informacije so za obiskovalce najkoristnej\u0161i.<\/span><\/p>\n<p><span style=\"color: #999999;\">Priglasitev<\/span><\/p>\n<p><span style=\"color: #999999;\">Z uporabo teh spletnih mesta, kot so navedeni v seznamu spletnih mest, ki jih upravlja upravljavec se strinjate, da ta spletna mesta nastavijo pi\u0161kotke na va\u0161em ra\u010dunalniku ali mobilni napravi do preklica ali izbrisa do katerega imate pravico in jih v svojem brskalniku upravljate sami.<\/span><\/p>\n<p><span style=\"color: #999999;\">Upravljanje in brisanje pi\u0161kotkov<\/span><\/p>\n<p><span style=\"color: #999999;\">\u010ce \u017eelite spremeniti na\u010din uporabe pi\u0161kotkov v brskalniku, vklju\u010dno z blokiranjem ali izbrisom, lahko to storite z ustrezno spremembo nastavitev brskalnika. Za upravljanje pi\u0161kotkov vam ve\u010dina brskalnikov omogo\u010da, da sprejmete ali zavrnete vse pi\u0161kotke, sprejmete samo dolo\u010deno vrsto pi\u0161kotkov ali pa vas opozori, da stran \u017eeli shraniti pi\u0161kotek. Pi\u0161kotke, ki jih je brskalnik shranil, lahko tudi enostavno izbri\u0161ete. \u010ce spremenite ali izbri\u0161ete brskalnikovo datoteko s pi\u0161kotki, spremenite ali nagradite va\u0161 brskalnik ali napravo, boste morda morali ponovno onemogo\u010diti pi\u0161kotke. Postopek za upravljanje in brisanje pi\u0161kotkov se razlikuje od brskalnika do brskalnika. \u010ce pri tem potrebujete pomo\u010d, lahko pogledate v brskalnikovi pomo\u010di uporabnikom.<\/span><\/p>\n<\/div><\/section><\/div>\n","protected":false},"excerpt":{"rendered":"","protected":false},"author":1,"featured_media":0,"parent":0,"menu_order":0,"comment_status":"closed","ping_status":"closed","template":"","meta":{"_acf_changed":false,"footnotes":""},"class_list":["post-4553","page","type-page","status-publish","hentry"],"acf":[],"yoast_head":"<!-- This site is optimized with the Yoast SEO plugin v27.2 - https:\/\/yoast.com\/product\/yoast-seo-wordpress\/ -->\n<title>Privacy policy - Baloh.si<\/title>\n<meta name=\"robots\" content=\"index, follow, max-snippet:-1, max-image-preview:large, max-video-preview:-1\" \/>\n<link rel=\"canonical\" href=\"https:\/\/www.baloh.si\/de\/privacy-policy\/\" \/>\n<meta property=\"og:locale\" content=\"de_DE\" \/>\n<meta property=\"og:type\" content=\"article\" \/>\n<meta property=\"og:title\" content=\"Privacy policy - Baloh.si\" \/>\n<meta property=\"og:url\" content=\"https:\/\/www.baloh.si\/de\/privacy-policy\/\" \/>\n<meta property=\"og:site_name\" content=\"Baloh.si\" \/>\n<meta property=\"article:modified_time\" content=\"2020-11-25T10:11:27+00:00\" \/>\n<meta name=\"twitter:card\" content=\"summary_large_image\" \/>\n<meta name=\"twitter:label1\" content=\"Gesch\u00e4tzte Lesezeit\" \/>\n\t<meta name=\"twitter:data1\" content=\"9\u00a0Minuten\" \/>\n<script type=\"application\/ld+json\" class=\"yoast-schema-graph\">{\"@context\":\"https:\/\/schema.org\",\"@graph\":[{\"@type\":\"WebPage\",\"@id\":\"https:\/\/www.baloh.si\/de\/privacy-policy\/\",\"url\":\"https:\/\/www.baloh.si\/de\/privacy-policy\/\",\"name\":\"Privacy policy - Baloh.si\",\"isPartOf\":{\"@id\":\"https:\/\/www.baloh.si\/#website\"},\"datePublished\":\"2019-06-03T11:01:42+00:00\",\"dateModified\":\"2020-11-25T10:11:27+00:00\",\"breadcrumb\":{\"@id\":\"https:\/\/www.baloh.si\/de\/privacy-policy\/#breadcrumb\"},\"inLanguage\":\"de\",\"potentialAction\":[{\"@type\":\"ReadAction\",\"target\":[\"https:\/\/www.baloh.si\/de\/privacy-policy\/\"]}]},{\"@type\":\"BreadcrumbList\",\"@id\":\"https:\/\/www.baloh.si\/de\/privacy-policy\/#breadcrumb\",\"itemListElement\":[{\"@type\":\"ListItem\",\"position\":1,\"name\":\"Home\",\"item\":\"https:\/\/www.baloh.si\/de\/homepage\/\"},{\"@type\":\"ListItem\",\"position\":2,\"name\":\"Privacy policy\"}]},{\"@type\":\"WebSite\",\"@id\":\"https:\/\/www.baloh.si\/#website\",\"url\":\"https:\/\/www.baloh.si\/\",\"name\":\"Baloh.si\",\"description\":\"\",\"potentialAction\":[{\"@type\":\"SearchAction\",\"target\":{\"@type\":\"EntryPoint\",\"urlTemplate\":\"https:\/\/www.baloh.si\/?s={search_term_string}\"},\"query-input\":{\"@type\":\"PropertyValueSpecification\",\"valueRequired\":true,\"valueName\":\"search_term_string\"}}],\"inLanguage\":\"de\"}]}<\/script>\n<!-- \/ Yoast SEO plugin. -->","yoast_head_json":{"title":"Privacy policy - Baloh.si","robots":{"index":"index","follow":"follow","max-snippet":"max-snippet:-1","max-image-preview":"max-image-preview:large","max-video-preview":"max-video-preview:-1"},"canonical":"https:\/\/www.baloh.si\/de\/privacy-policy\/","og_locale":"de_DE","og_type":"article","og_title":"Privacy policy - Baloh.si","og_url":"https:\/\/www.baloh.si\/de\/privacy-policy\/","og_site_name":"Baloh.si","article_modified_time":"2020-11-25T10:11:27+00:00","twitter_card":"summary_large_image","twitter_misc":{"Gesch\u00e4tzte Lesezeit":"9\u00a0Minuten"},"schema":{"@context":"https:\/\/schema.org","@graph":[{"@type":"WebPage","@id":"https:\/\/www.baloh.si\/de\/privacy-policy\/","url":"https:\/\/www.baloh.si\/de\/privacy-policy\/","name":"Privacy policy - Baloh.si","isPartOf":{"@id":"https:\/\/www.baloh.si\/#website"},"datePublished":"2019-06-03T11:01:42+00:00","dateModified":"2020-11-25T10:11:27+00:00","breadcrumb":{"@id":"https:\/\/www.baloh.si\/de\/privacy-policy\/#breadcrumb"},"inLanguage":"de","potentialAction":[{"@type":"ReadAction","target":["https:\/\/www.baloh.si\/de\/privacy-policy\/"]}]},{"@type":"BreadcrumbList","@id":"https:\/\/www.baloh.si\/de\/privacy-policy\/#breadcrumb","itemListElement":[{"@type":"ListItem","position":1,"name":"Home","item":"https:\/\/www.baloh.si\/de\/homepage\/"},{"@type":"ListItem","position":2,"name":"Privacy policy"}]},{"@type":"WebSite","@id":"https:\/\/www.baloh.si\/#website","url":"https:\/\/www.baloh.si\/","name":"Baloh.si","description":"","potentialAction":[{"@type":"SearchAction","target":{"@type":"EntryPoint","urlTemplate":"https:\/\/www.baloh.si\/?s={search_term_string}"},"query-input":{"@type":"PropertyValueSpecification","valueRequired":true,"valueName":"search_term_string"}}],"inLanguage":"de"}]}},"_links":{"self":[{"href":"https:\/\/www.baloh.si\/de\/wp-json\/wp\/v2\/pages\/4553","targetHints":{"allow":["GET"]}}],"collection":[{"href":"https:\/\/www.baloh.si\/de\/wp-json\/wp\/v2\/pages"}],"about":[{"href":"https:\/\/www.baloh.si\/de\/wp-json\/wp\/v2\/types\/page"}],"author":[{"embeddable":true,"href":"https:\/\/www.baloh.si\/de\/wp-json\/wp\/v2\/users\/1"}],"replies":[{"embeddable":true,"href":"https:\/\/www.baloh.si\/de\/wp-json\/wp\/v2\/comments?post=4553"}],"version-history":[{"count":33,"href":"https:\/\/www.baloh.si\/de\/wp-json\/wp\/v2\/pages\/4553\/revisions"}],"predecessor-version":[{"id":5231,"href":"https:\/\/www.baloh.si\/de\/wp-json\/wp\/v2\/pages\/4553\/revisions\/5231"}],"wp:attachment":[{"href":"https:\/\/www.baloh.si\/de\/wp-json\/wp\/v2\/media?parent=4553"}],"curies":[{"name":"wp","href":"https:\/\/api.w.org\/{rel}","templated":true}]}}