{"id":1778,"date":"2017-01-20T09:40:55","date_gmt":"2017-01-20T08:40:55","guid":{"rendered":"https:\/\/www.baloh.si\/?page_id=1778\/"},"modified":"2021-06-24T10:38:45","modified_gmt":"2021-06-24T08:38:45","slug":"showroom","status":"publish","type":"page","link":"https:\/\/www.baloh.si\/de\/showroom\/","title":{"rendered":"Showroom"},"content":{"rendered":"\n<style type=\"text\/css\" data-created_by=\"avia_inline_auto\" id=\"style-css-av-tn1j6a-13b633a98142d1cb000a4baabfcb1997\">\n.avia-section.av-tn1j6a-13b633a98142d1cb000a4baabfcb1997{\nbackground-repeat:no-repeat;\nbackground-image:url(https:\/\/www.baloh.si\/wp-content\/uploads\/2016\/04\/WhiteBlack-first-absolute-039-990-2-1.jpg);\nbackground-position:50% 50%;\nbackground-attachment:scroll;\n}\n.avia-section.av-tn1j6a-13b633a98142d1cb000a4baabfcb1997 .av-section-color-overlay{\nopacity:0.3;\nbackground-color:#000000;\n}\n<\/style>\n<div id='onas_first'  class='avia-section av-tn1j6a-13b633a98142d1cb000a4baabfcb1997 main_color avia-section-default avia-no-border-styling  avia-builder-el-0  el_before_av_section  avia-builder-el-first  avia-full-stretch avia-bg-style-scroll av-section-color-overlay-active av-minimum-height av-minimum-height-75 av-height-75  container_wrap fullsize'  data-section-bg-repeat='stretch' data-av_minimum_height_pc='75' data-av_min_height_opt='75'><div class=\"av-section-color-overlay-wrap\"><div class=\"av-section-color-overlay\"><\/div><div class='container av-section-cont-open' ><main  role=\"main\" itemprop=\"mainContentOfPage\"  class='template-page content  av-content-full alpha units'><div class='post-entry post-entry-type-page post-entry-1778'><div class='entry-content-wrapper clearfix'>\n\n<style type=\"text\/css\" data-created_by=\"avia_inline_auto\" id=\"style-css-av-qwqfrm-069c2eb48283454e03fa62fc27ae74a8\">\n.flex_column.av-qwqfrm-069c2eb48283454e03fa62fc27ae74a8{\nborder-radius:0px 0px 0px 0px;\npadding:0px 0px 0px 0px;\n}\n<\/style>\n<div  class='flex_column av-qwqfrm-069c2eb48283454e03fa62fc27ae74a8 av_one_full  avia-builder-el-1  avia-builder-el-no-sibling  first flex_column_div av-zero-column-padding  '     ><section  class='av_textblock_section av-2mj8sy-d2142486ef5920d7cb688a5767e2deee '   itemscope=\"itemscope\" itemtype=\"https:\/\/schema.org\/CreativeWork\" ><div class='avia_textblock'  itemprop=\"text\" ><h1 style=\"text-align: center;\">SHOWROOM<\/h1>\n<\/div><\/section><\/div>\n\n<\/div><\/div><\/main><!-- close content main element --><\/div><\/div><\/div>\n<style type=\"text\/css\" data-created_by=\"avia_inline_auto\" id=\"style-css-av-nkgg4y-3d3015ec743aebf09ef55f1892b0ba3f\">\n.avia-section.av-nkgg4y-3d3015ec743aebf09ef55f1892b0ba3f{\nbackground-color:#232323;\nbackground-image:unset;\n}\n<\/style>\n<div id='onas_second'  class='avia-section av-nkgg4y-3d3015ec743aebf09ef55f1892b0ba3f main_color avia-section-default avia-no-border-styling  avia-builder-el-3  el_after_av_section  el_before_av_section  avia-bg-style-scroll container_wrap fullsize'  ><div class='container av-section-cont-open' ><div class='template-page content  av-content-full alpha units'><div class='post-entry post-entry-type-page post-entry-1778'><div class='entry-content-wrapper clearfix'>\n\n<style type=\"text\/css\" data-created_by=\"avia_inline_auto\" id=\"style-css-av-lpxopu-20f235b1e6a281ad74ed800ea55cc054\">\n.flex_column.av-lpxopu-20f235b1e6a281ad74ed800ea55cc054{\nborder-radius:0px 0px 0px 0px;\npadding:0px 0px 0px 0px;\n}\n<\/style>\n<div  class='flex_column av-lpxopu-20f235b1e6a281ad74ed800ea55cc054 av_one_half  avia-builder-el-4  el_before_av_one_half  avia-builder-el-first  first flex_column_div av-zero-column-padding  '     ><style type=\"text\/css\" data-created_by=\"avia_inline_auto\" id=\"style-css-av-k9y5ozt1-c5f155e2bd45f360fa32c109490e21c4\">\n.avia-image-container.av-k9y5ozt1-c5f155e2bd45f360fa32c109490e21c4 img.avia_image{\nbox-shadow:none;\n}\n.avia-image-container.av-k9y5ozt1-c5f155e2bd45f360fa32c109490e21c4 .av-caption-image-overlay-bg{\nopacity:0.4;\nbackground-color:#000000;\n}\n.avia-image-container.av-k9y5ozt1-c5f155e2bd45f360fa32c109490e21c4 .av-image-caption-overlay-center{\ncolor:#ffffff;\n}\n<\/style>\n<div  class='avia-image-container av-k9y5ozt1-c5f155e2bd45f360fa32c109490e21c4 av-styling- av-img-linked avia-align-center  avia-builder-el-5  avia-builder-el-no-sibling  noHover av-overlay-hover-deactivate'   itemprop=\"image\" itemscope=\"itemscope\" itemtype=\"https:\/\/schema.org\/ImageObject\" ><div class=\"avia-image-container-inner\"><div class=\"avia-image-overlay-wrap\"><a href=\"https:\/\/www.baloh.si\/wp-content\/uploads\/2020\/05\/20190822_074700-3-2-1030x687.jpg\" data-srcset=\"https:\/\/www.baloh.si\/wp-content\/uploads\/2020\/05\/20190822_074700-3-2-1030x687.jpg 1030w, https:\/\/www.baloh.si\/wp-content\/uploads\/2020\/05\/20190822_074700-3-2-300x200.jpg 300w, https:\/\/www.baloh.si\/wp-content\/uploads\/2020\/05\/20190822_074700-3-2-768x512.jpg 768w, https:\/\/www.baloh.si\/wp-content\/uploads\/2020\/05\/20190822_074700-3-2-1536x1024.jpg 1536w, https:\/\/www.baloh.si\/wp-content\/uploads\/2020\/05\/20190822_074700-3-2-1500x1000.jpg 1500w, https:\/\/www.baloh.si\/wp-content\/uploads\/2020\/05\/20190822_074700-3-2-705x470.jpg 705w, https:\/\/www.baloh.si\/wp-content\/uploads\/2020\/05\/20190822_074700-3-2-450x300.jpg 450w, https:\/\/www.baloh.si\/wp-content\/uploads\/2020\/05\/20190822_074700-3-2.jpg 1629w\" data-sizes=\"(max-width: 1030px) 100vw, 1030px\" class='avia_image '  aria-label='SHOWROOM'><div class=\"av-image-caption-overlay\"><div class=\"av-caption-image-overlay-bg\"><\/div><div class=\"av-image-caption-overlay-position\"><div class=\"av-image-caption-overlay-center\"><p>SHOWROOM<\/p>\n<\/div><\/div><\/div><img decoding=\"async\" fetchpriority=\"high\" class='wp-image-5040 avia-img-lazy-loading-not-5040 avia_image ' src=\"https:\/\/www.baloh.si\/wp-content\/uploads\/2020\/05\/20190822_074700-3-2.jpg\" alt='' title='SHOWROOM'  height=\"1086\" width=\"1629\"  itemprop=\"thumbnailUrl\" srcset=\"https:\/\/www.baloh.si\/wp-content\/uploads\/2020\/05\/20190822_074700-3-2.jpg 1629w, https:\/\/www.baloh.si\/wp-content\/uploads\/2020\/05\/20190822_074700-3-2-300x200.jpg 300w, https:\/\/www.baloh.si\/wp-content\/uploads\/2020\/05\/20190822_074700-3-2-1030x687.jpg 1030w, https:\/\/www.baloh.si\/wp-content\/uploads\/2020\/05\/20190822_074700-3-2-768x512.jpg 768w, https:\/\/www.baloh.si\/wp-content\/uploads\/2020\/05\/20190822_074700-3-2-1536x1024.jpg 1536w, https:\/\/www.baloh.si\/wp-content\/uploads\/2020\/05\/20190822_074700-3-2-1500x1000.jpg 1500w, https:\/\/www.baloh.si\/wp-content\/uploads\/2020\/05\/20190822_074700-3-2-705x470.jpg 705w, https:\/\/www.baloh.si\/wp-content\/uploads\/2020\/05\/20190822_074700-3-2-450x300.jpg 450w\" sizes=\"(max-width: 1629px) 100vw, 1629px\" \/><\/a><\/div><\/div><\/div><\/div>\n<style type=\"text\/css\" data-created_by=\"avia_inline_auto\" id=\"style-css-av-233fwi-ed85ae65235d32ec18369f0ed1bc1ced\">\n.flex_column.av-233fwi-ed85ae65235d32ec18369f0ed1bc1ced{\nborder-radius:0px 0px 0px 0px;\npadding:0px 0px 0px 0px;\n}\n<\/style>\n<div  class='flex_column av-233fwi-ed85ae65235d32ec18369f0ed1bc1ced av_one_half  avia-builder-el-6  el_after_av_one_half  el_before_av_one_half  flex_column_div av-zero-column-padding  '     ><style type=\"text\/css\" data-created_by=\"avia_inline_auto\" id=\"style-css-av-j4q9yq-d642834ec36dde6bf97afc764c2a02e3\">\n.avia-image-container.av-j4q9yq-d642834ec36dde6bf97afc764c2a02e3 img.avia_image{\nbox-shadow:none;\n}\n.avia-image-container.av-j4q9yq-d642834ec36dde6bf97afc764c2a02e3 .av-caption-image-overlay-bg{\nopacity:0.4;\nbackground-color:#000000;\n}\n.avia-image-container.av-j4q9yq-d642834ec36dde6bf97afc764c2a02e3 .av-image-caption-overlay-center{\ncolor:#ffffff;\n}\n<\/style>\n<div  class='avia-image-container av-j4q9yq-d642834ec36dde6bf97afc764c2a02e3 av-styling- av-img-linked avia-align-center  avia-builder-el-7  avia-builder-el-no-sibling  noHover av-overlay-hover-deactivate'   itemprop=\"image\" itemscope=\"itemscope\" itemtype=\"https:\/\/schema.org\/ImageObject\" ><div class=\"avia-image-container-inner\"><div class=\"avia-image-overlay-wrap\"><a href=\"https:\/\/www.baloh.si\/wp-content\/uploads\/2016\/04\/MG_2493-2-1-1030x694.jpg\" data-srcset=\"https:\/\/www.baloh.si\/wp-content\/uploads\/2016\/04\/MG_2493-2-1-1030x694.jpg 1030w, https:\/\/www.baloh.si\/wp-content\/uploads\/2016\/04\/MG_2493-2-1-300x202.jpg 300w, https:\/\/www.baloh.si\/wp-content\/uploads\/2016\/04\/MG_2493-2-1-768x518.jpg 768w, https:\/\/www.baloh.si\/wp-content\/uploads\/2016\/04\/MG_2493-2-1-1500x1011.jpg 1500w, https:\/\/www.baloh.si\/wp-content\/uploads\/2016\/04\/MG_2493-2-1-705x475.jpg 705w, https:\/\/www.baloh.si\/wp-content\/uploads\/2016\/04\/MG_2493-2-1-450x303.jpg 450w, https:\/\/www.baloh.si\/wp-content\/uploads\/2016\/04\/MG_2493-2-1.jpg 1920w\" data-sizes=\"(max-width: 1030px) 100vw, 1030px\" class='avia_image '  aria-label='TEXTILE BODENBEL\u00c4GE'><div class=\"av-image-caption-overlay\"><div class=\"av-caption-image-overlay-bg\"><\/div><div class=\"av-image-caption-overlay-position\"><div class=\"av-image-caption-overlay-center\"><p>TEXTILE<br \/>\nBODENBEL\u00c4GE<\/p>\n<\/div><\/div><\/div><img decoding=\"async\" fetchpriority=\"high\" class='wp-image-2613 avia-img-lazy-loading-not-2613 avia_image ' src=\"https:\/\/www.baloh.si\/wp-content\/uploads\/2016\/04\/MG_2493-2-1.jpg\" alt='' title='TEXTILE BODENBEL\u00c4GE'  height=\"1294\" width=\"1920\"  itemprop=\"thumbnailUrl\" srcset=\"https:\/\/www.baloh.si\/wp-content\/uploads\/2016\/04\/MG_2493-2-1.jpg 1920w, https:\/\/www.baloh.si\/wp-content\/uploads\/2016\/04\/MG_2493-2-1-300x202.jpg 300w, https:\/\/www.baloh.si\/wp-content\/uploads\/2016\/04\/MG_2493-2-1-768x518.jpg 768w, https:\/\/www.baloh.si\/wp-content\/uploads\/2016\/04\/MG_2493-2-1-1030x694.jpg 1030w, https:\/\/www.baloh.si\/wp-content\/uploads\/2016\/04\/MG_2493-2-1-1500x1011.jpg 1500w, https:\/\/www.baloh.si\/wp-content\/uploads\/2016\/04\/MG_2493-2-1-705x475.jpg 705w, https:\/\/www.baloh.si\/wp-content\/uploads\/2016\/04\/MG_2493-2-1-450x303.jpg 450w\" sizes=\"(max-width: 1920px) 100vw, 1920px\" \/><\/a><\/div><\/div><\/div><\/div>\n<style type=\"text\/css\" data-created_by=\"avia_inline_auto\" id=\"style-css-av-hthyjm-f5cda5a546f75d5950d6e98456d2ee7c\">\n.flex_column.av-hthyjm-f5cda5a546f75d5950d6e98456d2ee7c{\nborder-radius:0px 0px 0px 0px;\npadding:0px 0px 0px 0px;\n}\n<\/style>\n<div  class='flex_column av-hthyjm-f5cda5a546f75d5950d6e98456d2ee7c av_one_half  avia-builder-el-8  el_after_av_one_half  el_before_av_one_half  first flex_column_div av-zero-column-padding  column-top-margin'     ><style type=\"text\/css\" data-created_by=\"avia_inline_auto\" id=\"style-css-av-g9yuya-be608b0e19cf8fec03b00455106ecc65\">\n.avia-image-container.av-g9yuya-be608b0e19cf8fec03b00455106ecc65 img.avia_image{\nbox-shadow:none;\n}\n.avia-image-container.av-g9yuya-be608b0e19cf8fec03b00455106ecc65 .av-caption-image-overlay-bg{\nopacity:0.4;\nbackground-color:#000000;\n}\n.avia-image-container.av-g9yuya-be608b0e19cf8fec03b00455106ecc65 .av-image-caption-overlay-center{\ncolor:#ffffff;\n}\n<\/style>\n<div  class='avia-image-container av-g9yuya-be608b0e19cf8fec03b00455106ecc65 av-styling- av-img-linked avia-align-center  avia-builder-el-9  avia-builder-el-no-sibling  noHover av-overlay-hover-deactivate'   itemprop=\"image\" itemscope=\"itemscope\" itemtype=\"https:\/\/schema.org\/ImageObject\" ><div class=\"avia-image-container-inner\"><div class=\"avia-image-overlay-wrap\"><a href=\"https:\/\/www.baloh.si\/wp-content\/uploads\/2016\/04\/DSC_2436-1-1030x682.jpg\" data-srcset=\"https:\/\/www.baloh.si\/wp-content\/uploads\/2016\/04\/DSC_2436-1-1030x682.jpg 1030w, https:\/\/www.baloh.si\/wp-content\/uploads\/2016\/04\/DSC_2436-1-300x199.jpg 300w, https:\/\/www.baloh.si\/wp-content\/uploads\/2016\/04\/DSC_2436-1-768x509.jpg 768w, https:\/\/www.baloh.si\/wp-content\/uploads\/2016\/04\/DSC_2436-1-1500x994.jpg 1500w, https:\/\/www.baloh.si\/wp-content\/uploads\/2016\/04\/DSC_2436-1-705x467.jpg 705w, https:\/\/www.baloh.si\/wp-content\/uploads\/2016\/04\/DSC_2436-1-450x298.jpg 450w\" data-sizes=\"(max-width: 1030px) 100vw, 1030px\" class='avia_image '  aria-label='FLEXIBLE BODENBEL\u00c4GE'><div class=\"av-image-caption-overlay\"><div class=\"av-caption-image-overlay-bg\"><\/div><div class=\"av-image-caption-overlay-position\"><div class=\"av-image-caption-overlay-center\"><p>FLEXIBLE BODENBEL\u00c4GE<\/p>\n<\/div><\/div><\/div><img decoding=\"async\" fetchpriority=\"high\" class='wp-image-2403 avia-img-lazy-loading-not-2403 avia_image ' src=\"https:\/\/www.baloh.si\/wp-content\/uploads\/2016\/04\/DSC_2436-1.jpg\" alt='' title='FLEXIBLE BODENBEL\u00c4GE'  height=\"2448\" width=\"3696\"  itemprop=\"thumbnailUrl\" srcset=\"https:\/\/www.baloh.si\/wp-content\/uploads\/2016\/04\/DSC_2436-1.jpg 3696w, https:\/\/www.baloh.si\/wp-content\/uploads\/2016\/04\/DSC_2436-1-300x199.jpg 300w, https:\/\/www.baloh.si\/wp-content\/uploads\/2016\/04\/DSC_2436-1-768x509.jpg 768w, https:\/\/www.baloh.si\/wp-content\/uploads\/2016\/04\/DSC_2436-1-1030x682.jpg 1030w, https:\/\/www.baloh.si\/wp-content\/uploads\/2016\/04\/DSC_2436-1-1500x994.jpg 1500w, https:\/\/www.baloh.si\/wp-content\/uploads\/2016\/04\/DSC_2436-1-705x467.jpg 705w, https:\/\/www.baloh.si\/wp-content\/uploads\/2016\/04\/DSC_2436-1-450x298.jpg 450w\" sizes=\"(max-width: 3696px) 100vw, 3696px\" \/><\/a><\/div><\/div><\/div><\/div>\n<style type=\"text\/css\" data-created_by=\"avia_inline_auto\" id=\"style-css-av-eprjg2-454370a1fb286f5c0c203d1070a0581c\">\n.flex_column.av-eprjg2-454370a1fb286f5c0c203d1070a0581c{\nborder-radius:0px 0px 0px 0px;\npadding:0px 0px 0px 0px;\n}\n<\/style>\n<div  class='flex_column av-eprjg2-454370a1fb286f5c0c203d1070a0581c av_one_half  avia-builder-el-10  el_after_av_one_half  avia-builder-el-last  flex_column_div av-zero-column-padding  column-top-margin'     ><style type=\"text\/css\" data-created_by=\"avia_inline_auto\" id=\"style-css-av-c7cfsy-6995bc8c1b3eb491dcc400d40aa39372\">\n.avia-image-container.av-c7cfsy-6995bc8c1b3eb491dcc400d40aa39372 img.avia_image{\nbox-shadow:none;\n}\n.avia-image-container.av-c7cfsy-6995bc8c1b3eb491dcc400d40aa39372 .av-caption-image-overlay-bg{\nopacity:0.4;\nbackground-color:#000000;\n}\n.avia-image-container.av-c7cfsy-6995bc8c1b3eb491dcc400d40aa39372 .av-image-caption-overlay-center{\ncolor:#ffffff;\n}\n<\/style>\n<div  class='avia-image-container av-c7cfsy-6995bc8c1b3eb491dcc400d40aa39372 av-styling- av-img-linked avia-align-center  avia-builder-el-11  avia-builder-el-no-sibling  noHover av-overlay-hover-deactivate'   itemprop=\"image\" itemscope=\"itemscope\" itemtype=\"https:\/\/schema.org\/ImageObject\" ><div class=\"avia-image-container-inner\"><div class=\"avia-image-overlay-wrap\"><a href=\"https:\/\/www.baloh.si\/wp-content\/uploads\/2021\/06\/20210624_092235-1-e1624523822783-1030x693.jpg\" data-srcset=\"https:\/\/www.baloh.si\/wp-content\/uploads\/2021\/06\/20210624_092235-1-e1624523822783-1030x693.jpg 1030w, https:\/\/www.baloh.si\/wp-content\/uploads\/2021\/06\/20210624_092235-1-e1624523822783-300x202.jpg 300w, https:\/\/www.baloh.si\/wp-content\/uploads\/2021\/06\/20210624_092235-1-e1624523822783-768x516.jpg 768w, https:\/\/www.baloh.si\/wp-content\/uploads\/2021\/06\/20210624_092235-1-e1624523822783-1536x1033.jpg 1536w, https:\/\/www.baloh.si\/wp-content\/uploads\/2021\/06\/20210624_092235-1-e1624523822783-1500x1009.jpg 1500w, https:\/\/www.baloh.si\/wp-content\/uploads\/2021\/06\/20210624_092235-1-e1624523822783-705x474.jpg 705w, https:\/\/www.baloh.si\/wp-content\/uploads\/2021\/06\/20210624_092235-1-e1624523822783.jpg 1920w\" data-sizes=\"(max-width: 1030px) 100vw, 1030px\" class='avia_image '  aria-label='H\u00d6LZBODEN'><div class=\"av-image-caption-overlay\"><div class=\"av-caption-image-overlay-bg\"><\/div><div class=\"av-image-caption-overlay-position\"><div class=\"av-image-caption-overlay-center\"><p>H\u00d6LZBODEN<\/p>\n<\/div><\/div><\/div><img decoding=\"async\" fetchpriority=\"high\" class='wp-image-5500 avia-img-lazy-loading-not-5500 avia_image ' src=\"https:\/\/www.baloh.si\/wp-content\/uploads\/2021\/06\/20210624_092235-1-e1624523822783-1030x693.jpg\" alt='' title='H\u00d6LZBODEN'  height=\"693\" width=\"1030\"  itemprop=\"thumbnailUrl\" srcset=\"https:\/\/www.baloh.si\/wp-content\/uploads\/2021\/06\/20210624_092235-1-e1624523822783-1030x693.jpg 1030w, https:\/\/www.baloh.si\/wp-content\/uploads\/2021\/06\/20210624_092235-1-e1624523822783-300x202.jpg 300w, https:\/\/www.baloh.si\/wp-content\/uploads\/2021\/06\/20210624_092235-1-e1624523822783-768x516.jpg 768w, https:\/\/www.baloh.si\/wp-content\/uploads\/2021\/06\/20210624_092235-1-e1624523822783-1536x1033.jpg 1536w, https:\/\/www.baloh.si\/wp-content\/uploads\/2021\/06\/20210624_092235-1-e1624523822783-1500x1009.jpg 1500w, https:\/\/www.baloh.si\/wp-content\/uploads\/2021\/06\/20210624_092235-1-e1624523822783-705x474.jpg 705w, https:\/\/www.baloh.si\/wp-content\/uploads\/2021\/06\/20210624_092235-1-e1624523822783.jpg 1920w\" sizes=\"(max-width: 1030px) 100vw, 1030px\" \/><\/a><\/div><\/div><\/div><\/div><\/div><\/div><\/div><!-- close content main div --><\/div><\/div>\n<style type=\"text\/css\" data-created_by=\"avia_inline_auto\" id=\"style-css-av-ar1ib6-c758d2930422e14f6ec731ef2d3b4c0a\">\n.avia-section.av-ar1ib6-c758d2930422e14f6ec731ef2d3b4c0a{\nbackground-color:#3c3c3c;\nbackground-image:unset;\n}\n<\/style>\n<div id='show_opis'  class='avia-section av-ar1ib6-c758d2930422e14f6ec731ef2d3b4c0a main_color avia-section-default avia-no-border-styling  avia-builder-el-12  el_after_av_section  el_before_av_section  avia-bg-style-scroll container_wrap fullsize'  ><div class='container av-section-cont-open' ><div class='template-page content  av-content-full alpha units'><div class='post-entry post-entry-type-page post-entry-1778'><div class='entry-content-wrapper clearfix'>\n<section  class='av_textblock_section av-95sohu-d2ef01d9d6a02a41d94ff69fd7f0b78a '   itemscope=\"itemscope\" itemtype=\"https:\/\/schema.org\/CreativeWork\" ><div class='avia_textblock showroom_besedilo'  itemprop=\"text\" ><p style=\"text-align: center;\">Alle Muster und Ausstellungsst\u00fccke aus unserem vielf\u00e4ltigen Verkaufsprogramm, k\u00f6nnen Sie sich in unserem Showroom im Gesch\u00e4ftshaus Baloh International anschauen.<br \/>\nLassen Sie sich von unseren kompetenten Verk\u00e4ufern beraten, um f\u00fcr Ihre Anwendung die bestm\u00f6gliche L\u00f6sung zu finden.<\/p>\n<h5 style=\"text-align: center;\">In unserem Showroom, in der\u00a0<a href=\"https:\/\/www.google.si\/maps\/place\/Baloh+International+d.o.o.+trgovina+in+storitve\/@46.1228881,14.5483196,17.75z\/data=!4m12!1m6!3m5!1s0x4765337cee69ec7d:0xe57000d4af978ffe!2sBaloh+International+d.o.o.+trgovina+in+storitve!8m2!3d46.1228168!4d14.5498285!3m4!1s0x4765337cee69ec7d:0xe57000d4af978ffe!8m2!3d46.1228168!4d14.5498285\">Industriezone Trzin, Brodi\u0161\u010de 12<\/a>\u00a0Sind Sie jederzeit herzlich willkommen.<\/h5>\n<p style=\"text-align: center;\"><strong>\u00d6ffnungszeiten:<\/strong> Montag -Freitag, von 7:30 bis 16:30 Uhr.<\/p>\n<p style=\"text-align: center;\">Die Auswahl an Bodenbel\u00e4gen, sortiert nach Verwendungszweck und Art des Materials, finden Sie im Menu \u2013\u00a0<a href=\"https:\/\/www.baloh.si\/de\/verkaufsprogramm\/\">VERKAUFSPROGRAM.<\/a><\/p>\n<\/div><\/section>\n<\/p>\n<\/div><\/div><\/div><!-- close content main div --><\/div><\/div>\n<style type=\"text\/css\" data-created_by=\"avia_inline_auto\" id=\"style-css-av-7kna4y-628d28fe2fa47a6c585e0a0f9f470ff3\">\n.avia-section.av-7kna4y-628d28fe2fa47a6c585e0a0f9f470ff3{\nbackground-repeat:no-repeat;\nbackground-image:url(https:\/\/www.baloh.si\/wp-content\/uploads\/2016\/04\/c2a.jpg);\nbackground-position:50% 50%;\nbackground-attachment:scroll;\n}\n<\/style>\n<div id='onas_third'  class='avia-section av-7kna4y-628d28fe2fa47a6c585e0a0f9f470ff3 main_color avia-section-default avia-no-border-styling  avia-builder-el-14  el_after_av_section  el_before_av_three_fifth  avia-full-stretch avia-bg-style-scroll av-minimum-height av-minimum-height-custom av-height-custom  container_wrap fullsize'  data-section-bg-repeat='stretch' data-av_minimum_height_px='400'><div class='container av-section-cont-open' style='height:400px'><div class='template-page content  av-content-full alpha units'><div class='post-entry post-entry-type-page post-entry-1778'><div class='entry-content-wrapper clearfix'>\n\n<style type=\"text\/css\" data-created_by=\"avia_inline_auto\" id=\"style-css-av-5hd8eq-15cd51ecc503c67d5c7150c93963bbd0\">\n.flex_column.av-5hd8eq-15cd51ecc503c67d5c7150c93963bbd0{\nborder-radius:0px 0px 0px 0px;\npadding:0px 0px 0px 0px;\n}\n<\/style>\n<div  class='flex_column av-5hd8eq-15cd51ecc503c67d5c7150c93963bbd0 av_one_half  avia-builder-el-15  avia-builder-el-no-sibling  na_desno first flex_column_div av-zero-column-padding  '     ><section  class='av_textblock_section av-dn2ua-6d0cb9bd6452654e06cc2e176e38d344 '   itemscope=\"itemscope\" itemtype=\"https:\/\/schema.org\/CreativeWork\" ><div class='avia_textblock'  itemprop=\"text\" ><p style=\"text-align: center;\">Wir unterst\u00fctzen Sie gerne und helfen Ihnen<br \/>\nrichtigen Boden f\u00fcr Ihre Anspr\u00fcche zu finden.<\/p>\n<p style=\"text-align: center;\"><a href=\"https:\/\/www.baloh.si\/de\/kontakt\/\">Wenden Sie sich an uns.<\/a><\/p>\n<\/div><\/section><\/div>\n<\/div><\/div><\/div><!-- close content main div --><\/div><\/div><div id='after_section_4'  class='main_color av_default_container_wrap container_wrap fullsize'  ><div class='container av-section-cont-open' ><div class='template-page content  av-content-full alpha units'><div class='post-entry post-entry-type-page post-entry-1778'><div class='entry-content-wrapper clearfix'>\n\n<style type=\"text\/css\" data-created_by=\"avia_inline_auto\" id=\"style-css-av-2uvizm-356bf992bd223badf46e139d601a1c49\">\n.flex_column.av-2uvizm-356bf992bd223badf46e139d601a1c49{\nborder-radius:0px 0px 0px 0px;\npadding:0px 0px 0px 0px;\n}\n<\/style>\n<div  class='flex_column av-2uvizm-356bf992bd223badf46e139d601a1c49 av_three_fifth  avia-builder-el-17  el_after_av_section  avia-builder-el-no-sibling  first flex_column_div av-zero-column-padding  '     ><\/div>\n","protected":false},"excerpt":{"rendered":"","protected":false},"author":1,"featured_media":0,"parent":0,"menu_order":0,"comment_status":"closed","ping_status":"closed","template":"","meta":{"_acf_changed":false,"footnotes":""},"class_list":["post-1778","page","type-page","status-publish","hentry"],"acf":[],"yoast_head":"<!-- This site is optimized with the Yoast SEO plugin v27.2 - https:\/\/yoast.com\/product\/yoast-seo-wordpress\/ -->\n<title>Showroom - Baloh.si<\/title>\n<meta name=\"robots\" content=\"index, follow, max-snippet:-1, max-image-preview:large, max-video-preview:-1\" \/>\n<link rel=\"canonical\" href=\"https:\/\/www.baloh.si\/de\/showroom\/\" \/>\n<meta property=\"og:locale\" content=\"de_DE\" \/>\n<meta property=\"og:type\" content=\"article\" \/>\n<meta property=\"og:title\" content=\"Showroom - Baloh.si\" \/>\n<meta property=\"og:url\" content=\"https:\/\/www.baloh.si\/de\/showroom\/\" \/>\n<meta property=\"og:site_name\" content=\"Baloh.si\" \/>\n<meta property=\"article:modified_time\" content=\"2021-06-24T08:38:45+00:00\" \/>\n<meta name=\"twitter:card\" content=\"summary_large_image\" \/>\n<meta name=\"twitter:label1\" content=\"Gesch\u00e4tzte Lesezeit\" \/>\n\t<meta name=\"twitter:data1\" content=\"6\u00a0Minuten\" \/>\n<script type=\"application\/ld+json\" class=\"yoast-schema-graph\">{\"@context\":\"https:\/\/schema.org\",\"@graph\":[{\"@type\":\"WebPage\",\"@id\":\"https:\/\/www.baloh.si\/de\/showroom\/\",\"url\":\"https:\/\/www.baloh.si\/de\/showroom\/\",\"name\":\"Showroom - Baloh.si\",\"isPartOf\":{\"@id\":\"https:\/\/www.baloh.si\/#website\"},\"datePublished\":\"2017-01-20T08:40:55+00:00\",\"dateModified\":\"2021-06-24T08:38:45+00:00\",\"breadcrumb\":{\"@id\":\"https:\/\/www.baloh.si\/de\/showroom\/#breadcrumb\"},\"inLanguage\":\"de\",\"potentialAction\":[{\"@type\":\"ReadAction\",\"target\":[\"https:\/\/www.baloh.si\/de\/showroom\/\"]}]},{\"@type\":\"BreadcrumbList\",\"@id\":\"https:\/\/www.baloh.si\/de\/showroom\/#breadcrumb\",\"itemListElement\":[{\"@type\":\"ListItem\",\"position\":1,\"name\":\"Home\",\"item\":\"https:\/\/www.baloh.si\/de\/homepage\/\"},{\"@type\":\"ListItem\",\"position\":2,\"name\":\"Showroom\"}]},{\"@type\":\"WebSite\",\"@id\":\"https:\/\/www.baloh.si\/#website\",\"url\":\"https:\/\/www.baloh.si\/\",\"name\":\"Baloh.si\",\"description\":\"\",\"potentialAction\":[{\"@type\":\"SearchAction\",\"target\":{\"@type\":\"EntryPoint\",\"urlTemplate\":\"https:\/\/www.baloh.si\/?s={search_term_string}\"},\"query-input\":{\"@type\":\"PropertyValueSpecification\",\"valueRequired\":true,\"valueName\":\"search_term_string\"}}],\"inLanguage\":\"de\"}]}<\/script>\n<!-- \/ Yoast SEO plugin. -->","yoast_head_json":{"title":"Showroom - Baloh.si","robots":{"index":"index","follow":"follow","max-snippet":"max-snippet:-1","max-image-preview":"max-image-preview:large","max-video-preview":"max-video-preview:-1"},"canonical":"https:\/\/www.baloh.si\/de\/showroom\/","og_locale":"de_DE","og_type":"article","og_title":"Showroom - Baloh.si","og_url":"https:\/\/www.baloh.si\/de\/showroom\/","og_site_name":"Baloh.si","article_modified_time":"2021-06-24T08:38:45+00:00","twitter_card":"summary_large_image","twitter_misc":{"Gesch\u00e4tzte Lesezeit":"6\u00a0Minuten"},"schema":{"@context":"https:\/\/schema.org","@graph":[{"@type":"WebPage","@id":"https:\/\/www.baloh.si\/de\/showroom\/","url":"https:\/\/www.baloh.si\/de\/showroom\/","name":"Showroom - Baloh.si","isPartOf":{"@id":"https:\/\/www.baloh.si\/#website"},"datePublished":"2017-01-20T08:40:55+00:00","dateModified":"2021-06-24T08:38:45+00:00","breadcrumb":{"@id":"https:\/\/www.baloh.si\/de\/showroom\/#breadcrumb"},"inLanguage":"de","potentialAction":[{"@type":"ReadAction","target":["https:\/\/www.baloh.si\/de\/showroom\/"]}]},{"@type":"BreadcrumbList","@id":"https:\/\/www.baloh.si\/de\/showroom\/#breadcrumb","itemListElement":[{"@type":"ListItem","position":1,"name":"Home","item":"https:\/\/www.baloh.si\/de\/homepage\/"},{"@type":"ListItem","position":2,"name":"Showroom"}]},{"@type":"WebSite","@id":"https:\/\/www.baloh.si\/#website","url":"https:\/\/www.baloh.si\/","name":"Baloh.si","description":"","potentialAction":[{"@type":"SearchAction","target":{"@type":"EntryPoint","urlTemplate":"https:\/\/www.baloh.si\/?s={search_term_string}"},"query-input":{"@type":"PropertyValueSpecification","valueRequired":true,"valueName":"search_term_string"}}],"inLanguage":"de"}]}},"_links":{"self":[{"href":"https:\/\/www.baloh.si\/de\/wp-json\/wp\/v2\/pages\/1778","targetHints":{"allow":["GET"]}}],"collection":[{"href":"https:\/\/www.baloh.si\/de\/wp-json\/wp\/v2\/pages"}],"about":[{"href":"https:\/\/www.baloh.si\/de\/wp-json\/wp\/v2\/types\/page"}],"author":[{"embeddable":true,"href":"https:\/\/www.baloh.si\/de\/wp-json\/wp\/v2\/users\/1"}],"replies":[{"embeddable":true,"href":"https:\/\/www.baloh.si\/de\/wp-json\/wp\/v2\/comments?post=1778"}],"version-history":[{"count":26,"href":"https:\/\/www.baloh.si\/de\/wp-json\/wp\/v2\/pages\/1778\/revisions"}],"predecessor-version":[{"id":9524,"href":"https:\/\/www.baloh.si\/de\/wp-json\/wp\/v2\/pages\/1778\/revisions\/9524"}],"wp:attachment":[{"href":"https:\/\/www.baloh.si\/de\/wp-json\/wp\/v2\/media?parent=1778"}],"curies":[{"name":"wp","href":"https:\/\/api.w.org\/{rel}","templated":true}]}}