{"id":1775,"date":"2017-01-20T09:40:18","date_gmt":"2017-01-20T08:40:18","guid":{"rendered":"https:\/\/www.baloh.si\/?page_id=1775\/"},"modified":"2019-07-09T15:43:59","modified_gmt":"2019-07-09T13:43:59","slug":"haufig-gestellte-fragen","status":"publish","type":"page","link":"https:\/\/www.baloh.si\/de\/haufig-gestellte-fragen\/","title":{"rendered":"H\u00e4ufig gestellte Fragen"},"content":{"rendered":"\n<style type=\"text\/css\" data-created_by=\"avia_inline_auto\" id=\"style-css-av-2r70l9-9356375467afd1ebd1413302c7e2e7eb\">\n.avia-section.av-2r70l9-9356375467afd1ebd1413302c7e2e7eb{\nbackground-repeat:no-repeat;\nbackground-image:url(https:\/\/www.baloh.si\/wp-content\/uploads\/2016\/04\/c2a.jpg);\nbackground-position:0% 50%;\nbackground-attachment:scroll;\n}\n.avia-section.av-2r70l9-9356375467afd1ebd1413302c7e2e7eb .av-section-color-overlay{\nopacity:0.3;\nbackground-color:#000000;\n}\n<\/style>\n<div id='onas_first'  class='avia-section av-2r70l9-9356375467afd1ebd1413302c7e2e7eb main_color avia-section-default avia-no-border-styling  avia-builder-el-0  el_before_av_section  avia-builder-el-first  avia-full-stretch avia-bg-style-scroll av-section-color-overlay-active av-minimum-height av-minimum-height-75 av-height-75  container_wrap fullsize'  data-section-bg-repeat='stretch' data-av_minimum_height_pc='75' data-av_min_height_opt='75'><div class=\"av-section-color-overlay-wrap\"><div class=\"av-section-color-overlay\"><\/div><div class='container av-section-cont-open' ><main  role=\"main\" itemprop=\"mainContentOfPage\"  class='template-page content  av-content-full alpha units'><div class='post-entry post-entry-type-page post-entry-1775'><div class='entry-content-wrapper clearfix'>\n\n<style type=\"text\/css\" data-created_by=\"avia_inline_auto\" id=\"style-css-av-2ilrvh-c7b4331b4eefb6715f82dae275f20b87\">\n.flex_column.av-2ilrvh-c7b4331b4eefb6715f82dae275f20b87{\nborder-radius:0px 0px 0px 0px;\npadding:0px 0px 0px 0px;\n}\n<\/style>\n<div  class='flex_column av-2ilrvh-c7b4331b4eefb6715f82dae275f20b87 av_one_full  avia-builder-el-1  avia-builder-el-no-sibling  first flex_column_div av-zero-column-padding  '     ><section  class='av_textblock_section av-2gtkx1-38f2ef71f07815f8f0e6c4ca72c3f74c '   itemscope=\"itemscope\" itemtype=\"https:\/\/schema.org\/CreativeWork\" ><div class='avia_textblock'  itemprop=\"text\" ><h1 style=\"text-align: center;\">POGOSTA<br \/>\nVPRA\u0160ANJA<\/h1>\n<\/div><\/section><\/div>\n\n<\/div><\/div><\/main><!-- close content main element --><\/div><\/div><\/div>\n<style type=\"text\/css\" data-created_by=\"avia_inline_auto\" id=\"style-css-av-26cxi5-90b36a38bef2306ad6b5c1ab2fa1485b\">\n.avia-section.av-26cxi5-90b36a38bef2306ad6b5c1ab2fa1485b{\nbackground-color:#232323;\nbackground-image:unset;\n}\n<\/style>\n<div id='pogosta_first'  class='avia-section av-26cxi5-90b36a38bef2306ad6b5c1ab2fa1485b main_color avia-section-default avia-no-border-styling  avia-builder-el-3  el_after_av_section  el_before_av_section  avia-bg-style-scroll container_wrap fullsize'  ><div class='container av-section-cont-open' ><div class='template-page content  av-content-full alpha units'><div class='post-entry post-entry-type-page post-entry-1775'><div class='entry-content-wrapper clearfix'>\n\n<style type=\"text\/css\" data-created_by=\"avia_inline_auto\" id=\"style-css-av-2054el-88c9ba340c60571d179119bbd643b21b\">\n.flex_column.av-2054el-88c9ba340c60571d179119bbd643b21b{\nborder-radius:0px 0px 0px 0px;\npadding:0px 0px 0px 0px;\n}\n<\/style>\n<div  class='flex_column av-2054el-88c9ba340c60571d179119bbd643b21b av_one_half  avia-builder-el-4  el_before_av_one_half  avia-builder-el-first  first flex_column_div av-zero-column-padding  '     ><section  class='av_textblock_section av-1uejod-2a2834b1d17b2938f2d187ee4a7275a1 '   itemscope=\"itemscope\" itemtype=\"https:\/\/schema.org\/CreativeWork\" ><div class='avia_textblock vprasanja_naslovi vprasanja_naslov1 naslov_active'  itemprop=\"text\" ><h3>Kak\u0161ne podlage so primerne za polaganje talne obloge?<\/h3>\n<\/div><\/section><br \/>\n<section  class='av_textblock_section av-1os99p-4d5dea3a19daa66ebe3cef6e60941e9e '   itemscope=\"itemscope\" itemtype=\"https:\/\/schema.org\/CreativeWork\" ><div class='avia_textblock vprasanja_naslovi vprasanja_naslov2'  itemprop=\"text\" ><h3>Kak\u0161ni so potrebni klimatski pogoji za polaganje talnih oblog?<\/h3>\n<\/div><\/section><br \/>\n<section  class='av_textblock_section av-1kqlfx-a75881a4b62faf48c2613f590af8614e '   itemscope=\"itemscope\" itemtype=\"https:\/\/schema.org\/CreativeWork\" ><div class='avia_textblock vprasanja_naslovi vprasanja_naslov3'  itemprop=\"text\" ><h3>Protokol talnega gretja:<\/h3>\n<\/div><\/section><\/p><\/div>\n<style type=\"text\/css\" data-created_by=\"avia_inline_auto\" id=\"style-css-av-1cxawd-3f5824924f9a993a428876e36df6b05e\">\n.flex_column.av-1cxawd-3f5824924f9a993a428876e36df6b05e{\nborder-radius:0px 0px 0px 0px;\npadding:0px 0px 0px 0px;\n}\n<\/style>\n<div  class='flex_column av-1cxawd-3f5824924f9a993a428876e36df6b05e av_one_half  avia-builder-el-8  el_after_av_one_half  el_before_av_one_full  flex_column_div av-zero-column-padding  '     ><section  class='av_textblock_section av-187yg5-f9a83f184ea1ee086f815c94ee99c882 '   itemscope=\"itemscope\" itemtype=\"https:\/\/schema.org\/CreativeWork\" ><div class='avia_textblock vprasanja_none vrpasanja_podlage vprasanja_odgovor1 vprasanja_active'  itemprop=\"text\" ><p style=\"text-align: left;\">Preden pri\u010dnemo s polaganjem talne obloge na nov estrih, moramo najprej preveriti, \u010de je estrih za polaganje primeren. Pomembno je ugotoviti, kako in kdaj je bil estrih narejen. Povr\u0161insko ga pregledamo, preverimo, \u010de se na estrihu pojavljajo poke ali kak\u0161ne druge vidne napake.<\/p>\n<p style=\"text-align: left;\">Pomembno je opraviti meritev vlage, zahtevana maximalna vsebnost vlage v estrihu je 1,8 % za lesene talne obloge oz. 2 % za fleksibilne in tekstilne talne obloge. Pozorni moramo biti tudi na ravnost estriha. Preverjamo jo z ravno letvijo in merilnim klinom, dovoljena odstopanja pa od\u010ditavamo iz tabele, ki jo predpisuje EN standard 18202, tabela 3, vrstica 3 in 4.<\/p>\n<p style=\"text-align: left;\">V kolikor je podlaga star estrih ali obstoje\u010da talna obloga kot je parket, keramika, kamen ali drugo vam priporo\u010dam, da se obrnete na na\u0161o tehni\u010dno slu\u017ebo.<br \/>\nZ veseljem si bomo ogledali podlago na objektu in za vas pripravili tehni\u010dno re\u0161itev, na podlagi katere boste lahko zagotovili strokovno vgradnjo nove talne obloge.<\/p>\n<\/div><\/section><br \/>\n<section  class='av_textblock_section av-1532el-1c340f54251adf8b60a62229bd7017f4 '   itemscope=\"itemscope\" itemtype=\"https:\/\/schema.org\/CreativeWork\" ><div class='avia_textblock vprasanja_none vprasanja_klimatski vprasanja_odgovor2'  itemprop=\"text\" ><p style=\"text-align: left;\">V prostoru, kjer bomo polagali finalno talno oblogo je potrebno zagotoviti stabilna temperaturo, to je min 15 C ( oz min. 3 C nad temperaturo rosi\u0161\u010da ) v podlagi in min 18 C v prostoru in stabilno relativna zra\u010dna vlaga med 35-65%.<\/p>\n<\/div><\/section><br \/>\n<section  class='av_textblock_section av-y3iul-c6cccfbd6b0bbb77d4d4ea959f87cdbc '   itemscope=\"itemscope\" itemtype=\"https:\/\/schema.org\/CreativeWork\" ><div class='avia_textblock vprasanja_none vprasanja_talna vprasanja_odgovor3'  itemprop=\"text\" ><p>Najve\u010dja dovoljena vla\u017enost za polaganje talne obloge je manj kot 1,7 \u2013 2% za cementni in najve\u010d 0,2 \u2013 0,5% za anhidritni estrih.<\/p>\n<p>Po predpisanem \u010dasu mirovanja estriha je potreben poskusni zagon ogrevalnega sistema, ki ga opravimo na naslednji na\u010din:<\/p>\n<ul>\n<li>Estrih ogrevamo s postopnim, dnevnim zvi\u0161evanjem temperature pribli\u017eno 2\u00b0C na dan, dokler ogrevalna teko\u010dina \u2013 voda \u2013 ne dose\u017ee temperature 35-40\u00b0C. Temperaturo zvi\u0161ujemo postopoma, dokler ne dose\u017eemo temperature pri kateri se bodo pozneje ogrevali prostori.<\/li>\n<li>Estrih ogrevamo pri najvi\u0161ji temperaturi vsaj dva tedna (ogrevalna voda ima temperaturo pribli\u017eno 35\u00b0C)<\/li>\n<li>Postopno, po 5\u00b0 C na dan, zmanj\u0161ujemo temperaturo ogrevanja.<\/li>\n<li>Talno ogrevanje naj bo izklopljeno pribli\u017eno 10 dni.<\/li>\n<li>Ponovimo postopni zagon talnega gretja s postopnim zvi\u0161evanjem temperature. Talno gretje naj bo vklopljeno nekaj dni.<\/li>\n<li>Ponovimo postopni izklop sistema talnega ogrevanja.<\/li>\n<\/ul>\n<p>Finalno talno oblogo lahko polagamo nekaj dni po izklopu talnega gretja, ko je povr\u0161inska temperatura med 15 in 18\u00b0C.<\/p>\n<\/div><\/section><\/p><\/div>\n<style type=\"text\/css\" data-created_by=\"avia_inline_auto\" id=\"style-css-av-tc9q5-a0428d8d52f3deff0ed20a70e3d6622a\">\n.flex_column.av-tc9q5-a0428d8d52f3deff0ed20a70e3d6622a{\nborder-radius:0px 0px 0px 0px;\npadding:0px 0px 0px 0px;\n}\n<\/style>\n<div  class='flex_column av-tc9q5-a0428d8d52f3deff0ed20a70e3d6622a av_one_full  avia-builder-el-12  el_after_av_one_half  avia-builder-el-last  first flex_column_div av-zero-column-padding  column-top-margin'     ><\/div><\/div><\/div><\/div><!-- close content main div --><\/div><\/div>\n<style type=\"text\/css\" data-created_by=\"avia_inline_auto\" id=\"style-css-av-lvr25-b6b27e266d183d00ae4dbf3ab50d096c\">\n.avia-section.av-lvr25-b6b27e266d183d00ae4dbf3ab50d096c{\nbackground-repeat:no-repeat;\nbackground-image:url(https:\/\/www.baloh.si\/wp-content\/uploads\/2016\/04\/c2a.jpg);\nbackground-position:50% 50%;\nbackground-attachment:scroll;\n}\n<\/style>\n<div id='onas_third'  class='avia-section av-lvr25-b6b27e266d183d00ae4dbf3ab50d096c main_color avia-section-default avia-no-shadow  avia-builder-el-13  el_after_av_section  avia-builder-el-last  avia-full-stretch avia-bg-style-scroll av-minimum-height av-minimum-height-custom av-height-custom  container_wrap fullsize'  data-section-bg-repeat='stretch' data-av_minimum_height_px='400'><div class='container av-section-cont-open' style='height:400px'><div class='template-page content  av-content-full alpha units'><div class='post-entry post-entry-type-page post-entry-1775'><div class='entry-content-wrapper clearfix'>\n\n<style type=\"text\/css\" data-created_by=\"avia_inline_auto\" id=\"style-css-av-fehol-85379f90544d85db48f20106769dcba4\">\n.flex_column.av-fehol-85379f90544d85db48f20106769dcba4{\nborder-radius:0px 0px 0px 0px;\npadding:0px 0px 0px 0px;\n}\n<\/style>\n<div  class='flex_column av-fehol-85379f90544d85db48f20106769dcba4 av_one_half  avia-builder-el-14  avia-builder-el-no-sibling  na_desno first flex_column_div av-zero-column-padding  '     ><section  class='av_textblock_section av-9rx8t-e433b7fe859c4de128f9ea8d0a63c388 '   itemscope=\"itemscope\" itemtype=\"https:\/\/schema.org\/CreativeWork\" ><div class='avia_textblock'  itemprop=\"text\" ><p style=\"text-align: center;\">Z veseljem vam bomo pomagali pri izbiri prave<br \/>\ntalne obloge za va\u0161 dom!<\/p>\n<p style=\"text-align: center;\"><a href=\"https:\/\/www.baloh.si\/kontakt\/\">Kontaktirajte nas<\/a><\/p>\n<\/div><\/section><\/div>\n<\/p>\n","protected":false},"excerpt":{"rendered":"","protected":false},"author":1,"featured_media":0,"parent":0,"menu_order":0,"comment_status":"closed","ping_status":"closed","template":"","meta":{"_acf_changed":false,"footnotes":""},"class_list":["post-1775","page","type-page","status-publish","hentry"],"acf":[],"yoast_head":"<!-- This site is optimized with the Yoast SEO plugin v27.2 - https:\/\/yoast.com\/product\/yoast-seo-wordpress\/ -->\n<title>H\u00e4ufig gestellte Fragen - Baloh.si<\/title>\n<meta name=\"robots\" content=\"index, follow, max-snippet:-1, max-image-preview:large, max-video-preview:-1\" \/>\n<link rel=\"canonical\" href=\"https:\/\/www.baloh.si\/de\/haufig-gestellte-fragen\/\" \/>\n<meta property=\"og:locale\" content=\"de_DE\" \/>\n<meta property=\"og:type\" content=\"article\" \/>\n<meta property=\"og:title\" content=\"H\u00e4ufig gestellte Fragen - Baloh.si\" \/>\n<meta property=\"og:url\" content=\"https:\/\/www.baloh.si\/de\/haufig-gestellte-fragen\/\" \/>\n<meta property=\"og:site_name\" content=\"Baloh.si\" \/>\n<meta property=\"article:modified_time\" content=\"2019-07-09T13:43:59+00:00\" \/>\n<meta name=\"twitter:card\" content=\"summary_large_image\" \/>\n<meta name=\"twitter:label1\" content=\"Gesch\u00e4tzte Lesezeit\" \/>\n\t<meta name=\"twitter:data1\" content=\"5\u00a0Minuten\" \/>\n<script type=\"application\/ld+json\" class=\"yoast-schema-graph\">{\"@context\":\"https:\/\/schema.org\",\"@graph\":[{\"@type\":\"WebPage\",\"@id\":\"https:\/\/www.baloh.si\/de\/haufig-gestellte-fragen\/\",\"url\":\"https:\/\/www.baloh.si\/de\/haufig-gestellte-fragen\/\",\"name\":\"H\u00e4ufig gestellte Fragen - Baloh.si\",\"isPartOf\":{\"@id\":\"https:\/\/www.baloh.si\/#website\"},\"datePublished\":\"2017-01-20T08:40:18+00:00\",\"dateModified\":\"2019-07-09T13:43:59+00:00\",\"breadcrumb\":{\"@id\":\"https:\/\/www.baloh.si\/de\/haufig-gestellte-fragen\/#breadcrumb\"},\"inLanguage\":\"de\",\"potentialAction\":[{\"@type\":\"ReadAction\",\"target\":[\"https:\/\/www.baloh.si\/de\/haufig-gestellte-fragen\/\"]}]},{\"@type\":\"BreadcrumbList\",\"@id\":\"https:\/\/www.baloh.si\/de\/haufig-gestellte-fragen\/#breadcrumb\",\"itemListElement\":[{\"@type\":\"ListItem\",\"position\":1,\"name\":\"Home\",\"item\":\"https:\/\/www.baloh.si\/de\/homepage\/\"},{\"@type\":\"ListItem\",\"position\":2,\"name\":\"H\u00e4ufig gestellte Fragen\"}]},{\"@type\":\"WebSite\",\"@id\":\"https:\/\/www.baloh.si\/#website\",\"url\":\"https:\/\/www.baloh.si\/\",\"name\":\"Baloh.si\",\"description\":\"\",\"potentialAction\":[{\"@type\":\"SearchAction\",\"target\":{\"@type\":\"EntryPoint\",\"urlTemplate\":\"https:\/\/www.baloh.si\/?s={search_term_string}\"},\"query-input\":{\"@type\":\"PropertyValueSpecification\",\"valueRequired\":true,\"valueName\":\"search_term_string\"}}],\"inLanguage\":\"de\"}]}<\/script>\n<!-- \/ Yoast SEO plugin. -->","yoast_head_json":{"title":"H\u00e4ufig gestellte Fragen - Baloh.si","robots":{"index":"index","follow":"follow","max-snippet":"max-snippet:-1","max-image-preview":"max-image-preview:large","max-video-preview":"max-video-preview:-1"},"canonical":"https:\/\/www.baloh.si\/de\/haufig-gestellte-fragen\/","og_locale":"de_DE","og_type":"article","og_title":"H\u00e4ufig gestellte Fragen - Baloh.si","og_url":"https:\/\/www.baloh.si\/de\/haufig-gestellte-fragen\/","og_site_name":"Baloh.si","article_modified_time":"2019-07-09T13:43:59+00:00","twitter_card":"summary_large_image","twitter_misc":{"Gesch\u00e4tzte Lesezeit":"5\u00a0Minuten"},"schema":{"@context":"https:\/\/schema.org","@graph":[{"@type":"WebPage","@id":"https:\/\/www.baloh.si\/de\/haufig-gestellte-fragen\/","url":"https:\/\/www.baloh.si\/de\/haufig-gestellte-fragen\/","name":"H\u00e4ufig gestellte Fragen - Baloh.si","isPartOf":{"@id":"https:\/\/www.baloh.si\/#website"},"datePublished":"2017-01-20T08:40:18+00:00","dateModified":"2019-07-09T13:43:59+00:00","breadcrumb":{"@id":"https:\/\/www.baloh.si\/de\/haufig-gestellte-fragen\/#breadcrumb"},"inLanguage":"de","potentialAction":[{"@type":"ReadAction","target":["https:\/\/www.baloh.si\/de\/haufig-gestellte-fragen\/"]}]},{"@type":"BreadcrumbList","@id":"https:\/\/www.baloh.si\/de\/haufig-gestellte-fragen\/#breadcrumb","itemListElement":[{"@type":"ListItem","position":1,"name":"Home","item":"https:\/\/www.baloh.si\/de\/homepage\/"},{"@type":"ListItem","position":2,"name":"H\u00e4ufig gestellte Fragen"}]},{"@type":"WebSite","@id":"https:\/\/www.baloh.si\/#website","url":"https:\/\/www.baloh.si\/","name":"Baloh.si","description":"","potentialAction":[{"@type":"SearchAction","target":{"@type":"EntryPoint","urlTemplate":"https:\/\/www.baloh.si\/?s={search_term_string}"},"query-input":{"@type":"PropertyValueSpecification","valueRequired":true,"valueName":"search_term_string"}}],"inLanguage":"de"}]}},"_links":{"self":[{"href":"https:\/\/www.baloh.si\/de\/wp-json\/wp\/v2\/pages\/1775","targetHints":{"allow":["GET"]}}],"collection":[{"href":"https:\/\/www.baloh.si\/de\/wp-json\/wp\/v2\/pages"}],"about":[{"href":"https:\/\/www.baloh.si\/de\/wp-json\/wp\/v2\/types\/page"}],"author":[{"embeddable":true,"href":"https:\/\/www.baloh.si\/de\/wp-json\/wp\/v2\/users\/1"}],"replies":[{"embeddable":true,"href":"https:\/\/www.baloh.si\/de\/wp-json\/wp\/v2\/comments?post=1775"}],"version-history":[{"count":15,"href":"https:\/\/www.baloh.si\/de\/wp-json\/wp\/v2\/pages\/1775\/revisions"}],"predecessor-version":[{"id":8744,"href":"https:\/\/www.baloh.si\/de\/wp-json\/wp\/v2\/pages\/1775\/revisions\/8744"}],"wp:attachment":[{"href":"https:\/\/www.baloh.si\/de\/wp-json\/wp\/v2\/media?parent=1775"}],"curies":[{"name":"wp","href":"https:\/\/api.w.org\/{rel}","templated":true}]}}