{"id":1774,"date":"2017-01-20T09:40:10","date_gmt":"2017-01-20T08:40:10","guid":{"rendered":"https:\/\/www.baloh.si\/?page_id=1774\/"},"modified":"2021-07-11T11:37:53","modified_gmt":"2021-07-11T09:37:53","slug":"uber-uns","status":"publish","type":"page","link":"https:\/\/www.baloh.si\/de\/uber-uns\/","title":{"rendered":"\u00dcber uns"},"content":{"rendered":"\n<style type=\"text\/css\" data-created_by=\"avia_inline_auto\" id=\"style-css-av-135gclq-c4539dd8625f6890b81ee51fcc192c0c\">\n.avia-section.av-135gclq-c4539dd8625f6890b81ee51fcc192c0c{\nbackground-repeat:no-repeat;\nbackground-image:url(https:\/\/www.baloh.si\/wp-content\/uploads\/2016\/04\/c2a.jpg);\nbackground-position:50% 0%;\nbackground-attachment:scroll;\n}\n.avia-section.av-135gclq-c4539dd8625f6890b81ee51fcc192c0c .av-section-color-overlay{\nopacity:0.3;\nbackground-color:#000000;\n}\n<\/style>\n<div id='onas_first'  class='avia-section av-135gclq-c4539dd8625f6890b81ee51fcc192c0c main_color avia-section-default avia-no-border-styling  avia-builder-el-0  el_before_av_section  avia-builder-el-first  avia-full-stretch avia-bg-style-scroll av-section-color-overlay-active av-minimum-height av-minimum-height-75 av-height-75  container_wrap fullsize'  data-section-bg-repeat='stretch' data-av_minimum_height_pc='75' data-av_min_height_opt='75'><div class=\"av-section-color-overlay-wrap\"><div class=\"av-section-color-overlay\"><\/div><div class='container av-section-cont-open' ><main  role=\"main\" itemprop=\"mainContentOfPage\"  class='template-page content  av-content-full alpha units'><div class='post-entry post-entry-type-page post-entry-1774'><div class='entry-content-wrapper clearfix'>\n\n<style type=\"text\/css\" data-created_by=\"avia_inline_auto\" id=\"style-css-av-11cdo6m-567addc587cc5c55bec3127ca7e8249e\">\n.flex_column.av-11cdo6m-567addc587cc5c55bec3127ca7e8249e{\nborder-radius:0px 0px 0px 0px;\npadding:0px 0px 0px 0px;\n}\n<\/style>\n<div  class='flex_column av-11cdo6m-567addc587cc5c55bec3127ca7e8249e av_one_full  avia-builder-el-1  avia-builder-el-no-sibling  first flex_column_div av-zero-column-padding  '     ><section  class='av_textblock_section av-jxvs5wnj-eadd9a2775503a58ccbc301e59c89502 '   itemscope=\"itemscope\" itemtype=\"https:\/\/schema.org\/CreativeWork\" ><div class='avia_textblock'  itemprop=\"text\" ><h1 style=\"text-align: center;\">\u00dcber uns<\/h1>\n<p style=\"text-align: center;\">Das Unternehmen Baloh International d.o.o. entwickelte sich mit der Zeit zum f\u00fchrenden<br \/>\nUnternehmen im Vertrieb von Bodenbel\u00e4gen und<br \/>\ndamit verbundenen Dienstleistungen in Slowenien.<\/p>\n<\/div><\/section><\/div>\n\n<\/div><\/div><\/main><!-- close content main element --><\/div><\/div><\/div>\n<style type=\"text\/css\" data-created_by=\"avia_inline_auto\" id=\"style-css-av-znzoam-d0ba8fc2e027dfaf11c78d91dfeac0e5\">\n.avia-section.av-znzoam-d0ba8fc2e027dfaf11c78d91dfeac0e5{\nbackground-color:#232323;\nbackground-image:unset;\n}\n<\/style>\n<div id='onas_second'  class='avia-section av-znzoam-d0ba8fc2e027dfaf11c78d91dfeac0e5 main_color avia-section-default avia-no-border-styling  avia-builder-el-3  el_after_av_section  el_before_av_section  avia-bg-style-scroll container_wrap fullsize'  ><div class='container av-section-cont-open' ><div class='template-page content  av-content-full alpha units'><div class='post-entry post-entry-type-page post-entry-1774'><div class='entry-content-wrapper clearfix'>\n\n<style type=\"text\/css\" data-created_by=\"avia_inline_auto\" id=\"style-css-av-xz6oa6-9078f1d63b03c9c00fd705c71696a3df\">\n.flex_column.av-xz6oa6-9078f1d63b03c9c00fd705c71696a3df{\nborder-radius:0px 0px 0px 0px;\npadding:0px 0px 0px 0px;\n}\n<\/style>\n<div  class='flex_column av-xz6oa6-9078f1d63b03c9c00fd705c71696a3df av_one_half  avia-builder-el-4  el_before_av_one_half  avia-builder-el-first  first flex_column_div av-zero-column-padding  '     ><section  class='av_textblock_section av-w7mnge-bb435c7fb6472b429ec883310329531e '   itemscope=\"itemscope\" itemtype=\"https:\/\/schema.org\/CreativeWork\" ><div class='avia_textblock'  itemprop=\"text\" ><p style=\"text-align: left;\">Das Unternehmen Baloh International d.o.o. (GmbH) entstand aus einer Werkstatt f\u00fcr das Teppichweben und die Herstellung von Tufting-Bodenbel\u00e4gen in den 80er Jahren des letzten Jahrhunderts. Aus der Gewerbet\u00e4tigkeit wurde in den fr\u00fchen 90er Jahren eine Gesellschaft mit beschr\u00e4nkter Haftung, deren Fokus auf dem Vertrieb von Bodenbel\u00e4gen liegt.<\/p>\n<\/div><\/section><br \/>\n\n<style type=\"text\/css\" data-created_by=\"avia_inline_auto\" id=\"style-css-av-uoqhha-e57d8989bff0204a62152eee2efa79ab\">\n.avia-image-container.av-uoqhha-e57d8989bff0204a62152eee2efa79ab img.avia_image{\nbox-shadow:none;\n}\n.avia-image-container.av-uoqhha-e57d8989bff0204a62152eee2efa79ab .av-image-caption-overlay-center{\ncolor:#ffffff;\n}\n<\/style>\n<div  class='avia-image-container av-uoqhha-e57d8989bff0204a62152eee2efa79ab av-styling- avia-align-center  avia-builder-el-6  el_after_av_textblock  avia-builder-el-last '   itemprop=\"image\" itemscope=\"itemscope\" itemtype=\"https:\/\/schema.org\/ImageObject\" ><div class=\"avia-image-container-inner\"><div class=\"avia-image-overlay-wrap\"><img decoding=\"async\" fetchpriority=\"high\" class='wp-image-3236 avia-img-lazy-loading-not-3236 avia_image ' src=\"https:\/\/www.baloh.si\/wp-content\/uploads\/2016\/04\/DSC_2439-1920.jpg\" alt='' title='DSC_2439-1920'  height=\"1271\" width=\"1920\"  itemprop=\"thumbnailUrl\" srcset=\"https:\/\/www.baloh.si\/wp-content\/uploads\/2016\/04\/DSC_2439-1920.jpg 1920w, https:\/\/www.baloh.si\/wp-content\/uploads\/2016\/04\/DSC_2439-1920-300x199.jpg 300w, https:\/\/www.baloh.si\/wp-content\/uploads\/2016\/04\/DSC_2439-1920-768x508.jpg 768w, https:\/\/www.baloh.si\/wp-content\/uploads\/2016\/04\/DSC_2439-1920-1030x682.jpg 1030w, https:\/\/www.baloh.si\/wp-content\/uploads\/2016\/04\/DSC_2439-1920-1500x993.jpg 1500w, https:\/\/www.baloh.si\/wp-content\/uploads\/2016\/04\/DSC_2439-1920-705x467.jpg 705w, https:\/\/www.baloh.si\/wp-content\/uploads\/2016\/04\/DSC_2439-1920-450x298.jpg 450w\" sizes=\"(max-width: 1920px) 100vw, 1920px\" \/><\/div><\/div><\/div><\/p><\/div>\n<style type=\"text\/css\" data-created_by=\"avia_inline_auto\" id=\"style-css-av-sjs7ji-ed6e45dbb33d0aafe8b73e8999371b36\">\n.flex_column.av-sjs7ji-ed6e45dbb33d0aafe8b73e8999371b36{\nborder-radius:0px 0px 0px 0px;\npadding:0px 0px 0px 0px;\n}\n<\/style>\n<div  class='flex_column av-sjs7ji-ed6e45dbb33d0aafe8b73e8999371b36 av_one_half  avia-builder-el-7  el_after_av_one_half  el_before_av_textblock  flex_column_div av-zero-column-padding  '     ><p>\n<style type=\"text\/css\" data-created_by=\"avia_inline_auto\" id=\"style-css-av-r7ygim-c2c9cfc082b9ce0b9483d9e8d7bdb407\">\n.avia-image-container.av-r7ygim-c2c9cfc082b9ce0b9483d9e8d7bdb407 img.avia_image{\nbox-shadow:none;\n}\n.avia-image-container.av-r7ygim-c2c9cfc082b9ce0b9483d9e8d7bdb407 .av-image-caption-overlay-center{\ncolor:#ffffff;\n}\n<\/style>\n<div  class='avia-image-container av-r7ygim-c2c9cfc082b9ce0b9483d9e8d7bdb407 av-styling- avia-align-center  avia-builder-el-8  el_before_av_textblock  avia-builder-el-first '   itemprop=\"image\" itemscope=\"itemscope\" itemtype=\"https:\/\/schema.org\/ImageObject\" ><div class=\"avia-image-container-inner\"><div class=\"avia-image-overlay-wrap\"><img decoding=\"async\" fetchpriority=\"high\" class='wp-image-3234 avia-img-lazy-loading-not-3234 avia_image ' src=\"https:\/\/www.baloh.si\/wp-content\/uploads\/2016\/04\/MG_2485-2-1920-1.jpg\" alt='' title='_MG_2485 (2)-1920'  height=\"862\" width=\"1920\"  itemprop=\"thumbnailUrl\" srcset=\"https:\/\/www.baloh.si\/wp-content\/uploads\/2016\/04\/MG_2485-2-1920-1.jpg 1920w, https:\/\/www.baloh.si\/wp-content\/uploads\/2016\/04\/MG_2485-2-1920-1-300x135.jpg 300w, https:\/\/www.baloh.si\/wp-content\/uploads\/2016\/04\/MG_2485-2-1920-1-768x345.jpg 768w, https:\/\/www.baloh.si\/wp-content\/uploads\/2016\/04\/MG_2485-2-1920-1-1030x462.jpg 1030w, https:\/\/www.baloh.si\/wp-content\/uploads\/2016\/04\/MG_2485-2-1920-1-1500x673.jpg 1500w, https:\/\/www.baloh.si\/wp-content\/uploads\/2016\/04\/MG_2485-2-1920-1-705x317.jpg 705w, https:\/\/www.baloh.si\/wp-content\/uploads\/2016\/04\/MG_2485-2-1920-1-450x202.jpg 450w\" sizes=\"(max-width: 1920px) 100vw, 1920px\" \/><\/div><\/div><\/div><br \/>\n<section  class='av_textblock_section av-qcq24e-4f9113ab552c02a12c52c460761099b7 '   itemscope=\"itemscope\" itemtype=\"https:\/\/schema.org\/CreativeWork\" ><div class='avia_textblock'  itemprop=\"text\" ><p>Im ersten Jahrzehnt des neuen Jahrtausends wurden im Unternehmen Baloh International d.o.o. der Vertrieb und die Verlegung von Bodenbel\u00e4gen, inklusive spezialisierter Beratung auf dem Bereich des Bauens von H\u00e4usern, Wohn- und Gesch\u00e4ftsobjekten wie auch anderen \u00f6ffentlichen Einrichtungen mit besonderen Anforderungen, weiter ausgebaut.<\/p>\n<\/div><\/section><\/p><\/div><section  class='av_textblock_section av-ne1e8e-73cbe80f63a0a1754ea395e091ce5f03 '   itemscope=\"itemscope\" itemtype=\"https:\/\/schema.org\/CreativeWork\" ><div class='avia_textblock onas_sredina'  itemprop=\"text\" ><p style=\"text-align: center;\">Wir handeln stets gem\u00e4\u00df mit unserem Slogan: <strong>GANZHEITLICHE L\u00d6SUNGEN F\u00dcR DEN FUSSBODEN.<\/strong><\/p>\n<\/div><\/section>\n\n<style type=\"text\/css\" data-created_by=\"avia_inline_auto\" id=\"style-css-av-lun0e6-834148c5805c67fd2648e037518d07ba\">\n.flex_column.av-lun0e6-834148c5805c67fd2648e037518d07ba{\nborder-radius:0px 0px 0px 0px;\npadding:0px 0px 0px 0px;\n}\n<\/style>\n<div  class='flex_column av-lun0e6-834148c5805c67fd2648e037518d07ba av_one_half  avia-builder-el-11  el_after_av_textblock  el_before_av_one_half  brez_margin_top first flex_column_div av-zero-column-padding  column-top-margin'     ><p><section  class='av_textblock_section av-l0qme6-f967522005e78ca9a2fbb083a96447e6 '   itemscope=\"itemscope\" itemtype=\"https:\/\/schema.org\/CreativeWork\" ><div class='avia_textblock'  itemprop=\"text\" ><p>Wir operieren erfolgreich in allen europ\u00e4ischen M\u00e4rkten und dar\u00fcber hinaus.\u00a0Unsere Gesch\u00e4ftsverbindungen bez\u00fcglich der Bereitstellung eines breiten Sortiments von verschiedenen Materialien haben wir in der ganzen Welt gekn\u00fcpft.<\/p>\n<\/div><\/section><br \/>\n\n<style type=\"text\/css\" data-created_by=\"avia_inline_auto\" id=\"style-css-av-j810ni-90052ee3ede0d39c9d271237c3da6fd7\">\n.avia-image-container.av-j810ni-90052ee3ede0d39c9d271237c3da6fd7 img.avia_image{\nbox-shadow:none;\n}\n.avia-image-container.av-j810ni-90052ee3ede0d39c9d271237c3da6fd7 .av-image-caption-overlay-center{\ncolor:#ffffff;\n}\n<\/style>\n<div  class='avia-image-container av-j810ni-90052ee3ede0d39c9d271237c3da6fd7 av-styling- avia-align-center  avia-builder-el-13  el_after_av_textblock  avia-builder-el-last '   itemprop=\"image\" itemscope=\"itemscope\" itemtype=\"https:\/\/schema.org\/ImageObject\" ><div class=\"avia-image-container-inner\"><div class=\"avia-image-overlay-wrap\"><img decoding=\"async\" fetchpriority=\"high\" class='wp-image-3240 avia-img-lazy-loading-not-3240 avia_image ' src=\"https:\/\/www.baloh.si\/wp-content\/uploads\/2016\/04\/MG_2470-1920.jpg\" alt='' title='_MG_2470-1920'  height=\"1280\" width=\"1920\"  itemprop=\"thumbnailUrl\" srcset=\"https:\/\/www.baloh.si\/wp-content\/uploads\/2016\/04\/MG_2470-1920.jpg 1920w, https:\/\/www.baloh.si\/wp-content\/uploads\/2016\/04\/MG_2470-1920-300x200.jpg 300w, https:\/\/www.baloh.si\/wp-content\/uploads\/2016\/04\/MG_2470-1920-768x512.jpg 768w, https:\/\/www.baloh.si\/wp-content\/uploads\/2016\/04\/MG_2470-1920-1030x687.jpg 1030w, https:\/\/www.baloh.si\/wp-content\/uploads\/2016\/04\/MG_2470-1920-1500x1000.jpg 1500w, https:\/\/www.baloh.si\/wp-content\/uploads\/2016\/04\/MG_2470-1920-705x470.jpg 705w, https:\/\/www.baloh.si\/wp-content\/uploads\/2016\/04\/MG_2470-1920-450x300.jpg 450w\" sizes=\"(max-width: 1920px) 100vw, 1920px\" \/><\/div><\/div><\/div><\/p><\/div>\n<style type=\"text\/css\" data-created_by=\"avia_inline_auto\" id=\"style-css-av-gv9j9a-90295fe6dc86468c8b5fa55551449870\">\n.flex_column.av-gv9j9a-90295fe6dc86468c8b5fa55551449870{\nborder-radius:0px 0px 0px 0px;\npadding:0px 0px 0px 0px;\n}\n<\/style>\n<div  class='flex_column av-gv9j9a-90295fe6dc86468c8b5fa55551449870 av_one_half  avia-builder-el-14  el_after_av_one_half  avia-builder-el-last  brez_margin_top flex_column_div av-zero-column-padding  column-top-margin'     ><p>\n<style type=\"text\/css\" data-created_by=\"avia_inline_auto\" id=\"style-css-av-gc83by-979b872322484a6d3a72747af404c94c\">\n.avia-image-container.av-gc83by-979b872322484a6d3a72747af404c94c img.avia_image{\nbox-shadow:none;\n}\n.avia-image-container.av-gc83by-979b872322484a6d3a72747af404c94c .av-image-caption-overlay-center{\ncolor:#ffffff;\n}\n<\/style>\n<div  class='avia-image-container av-gc83by-979b872322484a6d3a72747af404c94c av-styling- avia-align-center  avia-builder-el-15  el_before_av_textblock  avia-builder-el-first '   itemprop=\"image\" itemscope=\"itemscope\" itemtype=\"https:\/\/schema.org\/ImageObject\" ><div class=\"avia-image-container-inner\"><div class=\"avia-image-overlay-wrap\"><img decoding=\"async\" fetchpriority=\"high\" class='wp-image-2481 avia-img-lazy-loading-not-2481 avia_image ' src=\"https:\/\/www.baloh.si\/wp-content\/uploads\/2016\/04\/DSC_2534-4.jpg\" alt='' title='DSC_2534-4'  height=\"991\" width=\"1920\"  itemprop=\"thumbnailUrl\" srcset=\"https:\/\/www.baloh.si\/wp-content\/uploads\/2016\/04\/DSC_2534-4.jpg 1920w, https:\/\/www.baloh.si\/wp-content\/uploads\/2016\/04\/DSC_2534-4-300x155.jpg 300w, https:\/\/www.baloh.si\/wp-content\/uploads\/2016\/04\/DSC_2534-4-768x396.jpg 768w, https:\/\/www.baloh.si\/wp-content\/uploads\/2016\/04\/DSC_2534-4-1030x532.jpg 1030w, https:\/\/www.baloh.si\/wp-content\/uploads\/2016\/04\/DSC_2534-4-1500x774.jpg 1500w, https:\/\/www.baloh.si\/wp-content\/uploads\/2016\/04\/DSC_2534-4-705x364.jpg 705w, https:\/\/www.baloh.si\/wp-content\/uploads\/2016\/04\/DSC_2534-4-450x232.jpg 450w\" sizes=\"(max-width: 1920px) 100vw, 1920px\" \/><\/div><\/div><\/div><br \/>\n<section  class='av_textblock_section av-e9iemm-62aefeb1198b976c3ffffa5ded8e67fc '   itemscope=\"itemscope\" itemtype=\"https:\/\/schema.org\/CreativeWork\" ><div class='avia_textblock'  itemprop=\"text\" ><p>Zeitgem\u00e4\u00df und im Einklang mit dem technischen Fortschritt widmen wir uns konstant und scharfsinnig der Einf\u00fchrung von neuen Produkten, der Verbesserung der Gesch\u00e4ftsprozesse und der Umsetzung von modernen L\u00f6sungen im Bereich der Bodenbel\u00e4ge.<\/p>\n<\/div><\/section><\/p><\/div>\n\n<\/div><\/div><\/div><!-- close content main div --><\/div><\/div>\n<style type=\"text\/css\" data-created_by=\"avia_inline_auto\" id=\"style-css-av-choqku-92c108c262e1d41379275f951530834f\">\n.avia-section.av-choqku-92c108c262e1d41379275f951530834f{\nbackground-repeat:no-repeat;\nbackground-image:url(https:\/\/www.baloh.si\/wp-content\/uploads\/2016\/04\/c2a.jpg);\nbackground-position:50% 50%;\nbackground-attachment:scroll;\n}\n<\/style>\n<div id='onas_third'  class='avia-section av-choqku-92c108c262e1d41379275f951530834f main_color avia-section-default avia-no-shadow  avia-builder-el-17  el_after_av_section  el_before_av_section  avia-full-stretch avia-bg-style-scroll av-minimum-height av-minimum-height-custom av-height-custom  container_wrap fullsize'  data-section-bg-repeat='stretch' data-av_minimum_height_px='400'><div class='container av-section-cont-open' style='height:400px'><div class='template-page content  av-content-full alpha units'><div class='post-entry post-entry-type-page post-entry-1774'><div class='entry-content-wrapper clearfix'>\n\n<style type=\"text\/css\" data-created_by=\"avia_inline_auto\" id=\"style-css-av-a83x9q-ccee14261a14273e83a2ecf95c023424\">\n.flex_column.av-a83x9q-ccee14261a14273e83a2ecf95c023424{\nborder-radius:0px 0px 0px 0px;\npadding:0px 0px 0px 0px;\n}\n<\/style>\n<div  class='flex_column av-a83x9q-ccee14261a14273e83a2ecf95c023424 av_one_half  avia-builder-el-18  avia-builder-el-no-sibling  na_desno first flex_column_div av-zero-column-padding  '     ><section  class='av_textblock_section av-8ioui6-8e0b76d5f0c5339a54a52451e8c8e9da '   itemscope=\"itemscope\" itemtype=\"https:\/\/schema.org\/CreativeWork\" ><div class='avia_textblock'  itemprop=\"text\" ><p style=\"text-align: center;\">Wir unterst\u00fctzen Sie gerne und helfen Ihnen den<br \/>\nrichtigen Boden f\u00fcr Ihre Anspr\u00fcche zu finden.<\/p>\n<p style=\"text-align: center;\"><a href=\"https:\/\/www.baloh.si\/de\/kontakt\/\">Wenden Sie sich an uns.<\/a><\/p>\n<\/div><\/section><\/div>\n\n<\/div><\/div><\/div><!-- close content main div --><\/div><\/div>\n<style type=\"text\/css\" data-created_by=\"avia_inline_auto\" id=\"style-css-av-826pm6-5f8bce03c85805f183de317ebd5d075c\">\n.avia-section.av-826pm6-5f8bce03c85805f183de317ebd5d075c{\nbackground-color:#3c3c3c;\nbackground-image:unset;\n}\n<\/style>\n<div id='av_section_4'  class='avia-section av-826pm6-5f8bce03c85805f183de317ebd5d075c alternate_color avia-section-default avia-no-border-styling  avia-builder-el-20  el_after_av_section  el_before_av_section  avia-bg-style-scroll av-minimum-height av-minimum-height-custom av-height-custom  container_wrap fullsize'   data-av_minimum_height_px='340'><div class='container av-section-cont-open' style='height:340px'><div class='template-page content  av-content-full alpha units'><div class='post-entry post-entry-type-page post-entry-1774'><div class='entry-content-wrapper clearfix'>\n\n<style type=\"text\/css\" data-created_by=\"avia_inline_auto\" id=\"style-css-av-5t99cu-7ba3da97f3dc1acd085ef59f99c571a7\">\n.flex_column.av-5t99cu-7ba3da97f3dc1acd085ef59f99c571a7{\nborder-radius:0px 0px 0px 0px;\npadding:0px 0px 0px 0px;\n}\n<\/style>\n<div  class='flex_column av-5t99cu-7ba3da97f3dc1acd085ef59f99c571a7 av_one_full  avia-builder-el-21  avia-builder-el-no-sibling  first flex_column_div av-zero-column-padding  '     ><style type=\"text\/css\" data-created_by=\"avia_inline_auto\" id=\"style-css-av-40dfum-a59b3ad92c5ac294bac086751bd7bca7\">\n#top .av_textblock_section.av-40dfum-a59b3ad92c5ac294bac086751bd7bca7 .avia_textblock{\ncolor:#ffffff;\n}\n<\/style>\n<section  class='av_textblock_section av-40dfum-a59b3ad92c5ac294bac086751bd7bca7 '   itemscope=\"itemscope\" itemtype=\"https:\/\/schema.org\/CreativeWork\" ><div class='avia_textblock av_inherit_color'  itemprop=\"text\" ><h2 style=\"text-align: center;\">NACHHALTIGE ENTWICKLUNG<\/h2>\n<\/div><\/section><br \/>\n<section  id=\"onas_second\"  class='av_textblock_section av-1wzbim-ac5e6ba419396b7bbfc1b0d689a41d97 '   itemscope=\"itemscope\" itemtype=\"https:\/\/schema.org\/CreativeWork\" ><div class='avia_textblock'  itemprop=\"text\" ><p style=\"text-align: center;\">Im Unternehmen Baloh International d.o.o. sind wir uns der Verantwortung bewusst, dass unsere momentanen Taten und Handlungen einen Einfluss auf unser zuk\u00fcnftiges Leben haben, daher \u00fcbernehmen wir diesbez\u00fcglich die Verantwortung und bem\u00fchen uns um eine bessere Zukunft. Die nachhaltige Entwicklung stellt f\u00fcr uns eine Verpflichtung dar, sowohl im Bereich der Umwelt wie auch in wirtschaftlicher und sozialer Hinsicht. Wir kooperieren ausschlie\u00dflich mit Herstellern, welche die gleiche Vision wie wir haben \u2013 die Vision f\u00fcr eine bessere Zukunft. Daher arbeiten wir ausschlie\u00dflich mit Herstellern zusammen, die solche Werte zu sch\u00e4tzen wissen und die mit ihren Bem\u00fchungen auf dem Gebiet der nachhaltigen Entwicklung unsere Erwartungen und die Erwartungen aller derjenigen erf\u00fcllen, die sich um ein besseres Leben f\u00fcr uns und die kommende Generationen bem\u00fchen.<\/p>\n<\/div><\/section><\/p><\/div>\n\n<\/div><\/div><\/div><!-- close content main div --><\/div><\/div>\n<style type=\"text\/css\" data-created_by=\"avia_inline_auto\" id=\"style-css-av-5wsv-ac994e01d4b6007399d43c0ff5bf9d62\">\n.avia-section.av-5wsv-ac994e01d4b6007399d43c0ff5bf9d62{\nbackground-color:#232323;\nbackground-image:unset;\n}\n<\/style>\n<div id='virtueller_spaziergang'  class='avia-section av-5wsv-ac994e01d4b6007399d43c0ff5bf9d62 main_color avia-section-default avia-no-border-styling  avia-builder-el-24  el_after_av_section  avia-builder-el-last  avia-bg-style-scroll container_wrap fullsize'  ><div class='container av-section-cont-open' ><div class='template-page content  av-content-full alpha units'><div class='post-entry post-entry-type-page post-entry-1774'><div class='entry-content-wrapper clearfix'>\n\n<style type=\"text\/css\" data-created_by=\"avia_inline_auto\" id=\"style-css-av-tu57-70cab4df437eb9f9871420fcbf952378\">\n.flex_column.av-tu57-70cab4df437eb9f9871420fcbf952378{\nborder-radius:0px 0px 0px 0px;\npadding:0px 0px 0px 0px;\n}\n<\/style>\n<div  class='flex_column av-tu57-70cab4df437eb9f9871420fcbf952378 av_one_full  avia-builder-el-25  avia-builder-el-no-sibling  first flex_column_div av-zero-column-padding  '     ><section  class='av_textblock_section av-kqvzwtfd-819caee0312cefae449a679dbd2a16b5 '   itemscope=\"itemscope\" itemtype=\"https:\/\/schema.org\/CreativeWork\" ><div class='avia_textblock'  itemprop=\"text\" ><p style=\"text-align: center;\"><iframe src=\"https:\/\/www.google.com\/maps\/embed?pb=!4v1624509582573!6m8!1m7!1sCAoSLEFGMVFpcFBoTW1hRlFvVkRhbHNpRGZfVUYtRDlqcG5INUQ0NE52YTJoOURB!2m2!1d46.12306982069458!2d14.54953830257439!3f122.79090211338026!4f-0.12173121069876913!5f0.7820865974627469\" width=\"800\" height=\"600\" style=\"border:0;\" allowfullscreen=\"\" loading=\"lazy\"><\/iframe><\/p>\n<\/div><\/section><\/div>\n\n","protected":false},"excerpt":{"rendered":"","protected":false},"author":1,"featured_media":0,"parent":0,"menu_order":0,"comment_status":"closed","ping_status":"closed","template":"","meta":{"_acf_changed":false,"footnotes":""},"class_list":["post-1774","page","type-page","status-publish","hentry"],"acf":[],"yoast_head":"<!-- This site is optimized with the Yoast SEO plugin v27.2 - https:\/\/yoast.com\/product\/yoast-seo-wordpress\/ -->\n<title>\u00dcber uns - Baloh.si<\/title>\n<meta name=\"robots\" content=\"index, follow, max-snippet:-1, max-image-preview:large, max-video-preview:-1\" \/>\n<link rel=\"canonical\" href=\"https:\/\/www.baloh.si\/de\/uber-uns\/\" \/>\n<meta property=\"og:locale\" content=\"de_DE\" \/>\n<meta property=\"og:type\" content=\"article\" \/>\n<meta property=\"og:title\" content=\"\u00dcber uns - Baloh.si\" \/>\n<meta property=\"og:url\" content=\"https:\/\/www.baloh.si\/de\/uber-uns\/\" \/>\n<meta property=\"og:site_name\" content=\"Baloh.si\" \/>\n<meta property=\"article:modified_time\" content=\"2021-07-11T09:37:53+00:00\" \/>\n<meta name=\"twitter:card\" content=\"summary_large_image\" \/>\n<meta name=\"twitter:label1\" content=\"Gesch\u00e4tzte Lesezeit\" \/>\n\t<meta name=\"twitter:data1\" content=\"9\u00a0Minuten\" \/>\n<script type=\"application\/ld+json\" class=\"yoast-schema-graph\">{\"@context\":\"https:\/\/schema.org\",\"@graph\":[{\"@type\":\"WebPage\",\"@id\":\"https:\/\/www.baloh.si\/de\/uber-uns\/\",\"url\":\"https:\/\/www.baloh.si\/de\/uber-uns\/\",\"name\":\"\u00dcber uns - Baloh.si\",\"isPartOf\":{\"@id\":\"https:\/\/www.baloh.si\/#website\"},\"datePublished\":\"2017-01-20T08:40:10+00:00\",\"dateModified\":\"2021-07-11T09:37:53+00:00\",\"breadcrumb\":{\"@id\":\"https:\/\/www.baloh.si\/de\/uber-uns\/#breadcrumb\"},\"inLanguage\":\"de\",\"potentialAction\":[{\"@type\":\"ReadAction\",\"target\":[\"https:\/\/www.baloh.si\/de\/uber-uns\/\"]}]},{\"@type\":\"BreadcrumbList\",\"@id\":\"https:\/\/www.baloh.si\/de\/uber-uns\/#breadcrumb\",\"itemListElement\":[{\"@type\":\"ListItem\",\"position\":1,\"name\":\"Home\",\"item\":\"https:\/\/www.baloh.si\/de\/homepage\/\"},{\"@type\":\"ListItem\",\"position\":2,\"name\":\"\u00dcber uns\"}]},{\"@type\":\"WebSite\",\"@id\":\"https:\/\/www.baloh.si\/#website\",\"url\":\"https:\/\/www.baloh.si\/\",\"name\":\"Baloh.si\",\"description\":\"\",\"potentialAction\":[{\"@type\":\"SearchAction\",\"target\":{\"@type\":\"EntryPoint\",\"urlTemplate\":\"https:\/\/www.baloh.si\/?s={search_term_string}\"},\"query-input\":{\"@type\":\"PropertyValueSpecification\",\"valueRequired\":true,\"valueName\":\"search_term_string\"}}],\"inLanguage\":\"de\"}]}<\/script>\n<!-- \/ Yoast SEO plugin. -->","yoast_head_json":{"title":"\u00dcber uns - Baloh.si","robots":{"index":"index","follow":"follow","max-snippet":"max-snippet:-1","max-image-preview":"max-image-preview:large","max-video-preview":"max-video-preview:-1"},"canonical":"https:\/\/www.baloh.si\/de\/uber-uns\/","og_locale":"de_DE","og_type":"article","og_title":"\u00dcber uns - Baloh.si","og_url":"https:\/\/www.baloh.si\/de\/uber-uns\/","og_site_name":"Baloh.si","article_modified_time":"2021-07-11T09:37:53+00:00","twitter_card":"summary_large_image","twitter_misc":{"Gesch\u00e4tzte Lesezeit":"9\u00a0Minuten"},"schema":{"@context":"https:\/\/schema.org","@graph":[{"@type":"WebPage","@id":"https:\/\/www.baloh.si\/de\/uber-uns\/","url":"https:\/\/www.baloh.si\/de\/uber-uns\/","name":"\u00dcber uns - Baloh.si","isPartOf":{"@id":"https:\/\/www.baloh.si\/#website"},"datePublished":"2017-01-20T08:40:10+00:00","dateModified":"2021-07-11T09:37:53+00:00","breadcrumb":{"@id":"https:\/\/www.baloh.si\/de\/uber-uns\/#breadcrumb"},"inLanguage":"de","potentialAction":[{"@type":"ReadAction","target":["https:\/\/www.baloh.si\/de\/uber-uns\/"]}]},{"@type":"BreadcrumbList","@id":"https:\/\/www.baloh.si\/de\/uber-uns\/#breadcrumb","itemListElement":[{"@type":"ListItem","position":1,"name":"Home","item":"https:\/\/www.baloh.si\/de\/homepage\/"},{"@type":"ListItem","position":2,"name":"\u00dcber uns"}]},{"@type":"WebSite","@id":"https:\/\/www.baloh.si\/#website","url":"https:\/\/www.baloh.si\/","name":"Baloh.si","description":"","potentialAction":[{"@type":"SearchAction","target":{"@type":"EntryPoint","urlTemplate":"https:\/\/www.baloh.si\/?s={search_term_string}"},"query-input":{"@type":"PropertyValueSpecification","valueRequired":true,"valueName":"search_term_string"}}],"inLanguage":"de"}]}},"_links":{"self":[{"href":"https:\/\/www.baloh.si\/de\/wp-json\/wp\/v2\/pages\/1774","targetHints":{"allow":["GET"]}}],"collection":[{"href":"https:\/\/www.baloh.si\/de\/wp-json\/wp\/v2\/pages"}],"about":[{"href":"https:\/\/www.baloh.si\/de\/wp-json\/wp\/v2\/types\/page"}],"author":[{"embeddable":true,"href":"https:\/\/www.baloh.si\/de\/wp-json\/wp\/v2\/users\/1"}],"replies":[{"embeddable":true,"href":"https:\/\/www.baloh.si\/de\/wp-json\/wp\/v2\/comments?post=1774"}],"version-history":[{"count":62,"href":"https:\/\/www.baloh.si\/de\/wp-json\/wp\/v2\/pages\/1774\/revisions"}],"predecessor-version":[{"id":8754,"href":"https:\/\/www.baloh.si\/de\/wp-json\/wp\/v2\/pages\/1774\/revisions\/8754"}],"wp:attachment":[{"href":"https:\/\/www.baloh.si\/de\/wp-json\/wp\/v2\/media?parent=1774"}],"curies":[{"name":"wp","href":"https:\/\/api.w.org\/{rel}","templated":true}]}}