{"id":1771,"date":"2017-01-20T09:39:39","date_gmt":"2017-01-20T08:39:39","guid":{"rendered":"https:\/\/www.baloh.si\/?page_id=1771\/"},"modified":"2024-12-05T07:57:29","modified_gmt":"2024-12-05T06:57:29","slug":"homepage","status":"publish","type":"page","link":"https:\/\/www.baloh.si\/de\/","title":{"rendered":"Homepage"},"content":{"rendered":"<div   class='avia-fullscreen-slider main_color   avia-builder-el-0  el_before_av_layout_row  avia-builder-el-first  container_wrap fullsize'  ><div  class='avia-slideshow av-i15t3f-14b1117263cc11d39a2d089e16a42b43 avia-slideshow-no scaling av_fullscreen avia-slide-slider av-slideshow-ui av-control-hidden av-no-slider-navigation av-hide-nav-arrows av-slideshow-manual av-loop-once av-loop-manual-endless av-default-height-applied   avia-slideshow-1' data-slideshow-options=\"{&quot;animation&quot;:&quot;slide&quot;,&quot;autoplay&quot;:false,&quot;loop_autoplay&quot;:&quot;once&quot;,&quot;interval&quot;:1,&quot;loop_manual&quot;:&quot;manual-endless&quot;,&quot;autoplay_stopper&quot;:false,&quot;noNavigation&quot;:true,&quot;bg_slider&quot;:true,&quot;keep_padding&quot;:false,&quot;hoverpause&quot;:false,&quot;show_slide_delay&quot;:0,&quot;slide_height&quot;:&quot;100&quot;,&quot;image_attachment&quot;:&quot;&quot;}\"  itemprop=\"image\" itemscope=\"itemscope\" itemtype=\"https:\/\/schema.org\/ImageObject\" ><ul class='avia-slideshow-inner ' style='padding-bottom: 44.0625%;'><li style='background-position:center center;' data-img-url='https:\/\/www.baloh.si\/wp-content\/uploads\/2016\/04\/Naslovna_slika.jpg' class='avia-slideshow-slide av-i15t3f-14b1117263cc11d39a2d089e16a42b43__0  av-single-slide slide-1 slide-odd'><div data-rel='slideshow-1' class='avia-slide-wrap '   ><div class='av-slideshow-caption av-i15t3f-14b1117263cc11d39a2d089e16a42b43__0 caption_fullwidth caption_center'><div class=\"container caption_container\"><div class=\"slideshow_caption\"><div class=\"slideshow_inner_caption\"><div class=\"slideshow_align_caption\"><h2 class='avia-caption-title '  itemprop=\"name\" >Die L\u00f6sungen f\u00fcr den Boden<\/h2><div class='avia-caption-content '  itemprop=\"description\" ><p>Um den h\u00f6chsten \u00e4sthetischen und praktischen Wert Ihres Projektes zu erreichen, bieten wir Ihnen eine professionelle Beratung \u00fcber alle technischen Eigenschaften.<\/p>\n<\/div><a href='https:\/\/www.baloh.si\/de\/dienstleistungen\/'  class='avia-slideshow-button avia-button avia-color-light avia-multi-slideshow-button' data-duration='800' data-easing='easeInOutQuad'>Beratung und Engineering<\/a><a href='https:\/\/www.baloh.si\/de\/verkaufsprogramm\/'  class='avia-slideshow-button avia-button avia-color-light avia-multi-slideshow-button avia-slideshow-button-2' data-duration='800' data-easing='easeInOutQuad'>Verkaufsprogramm<\/a><\/div><\/div><\/div><\/div><\/div><\/div><\/li><\/ul><\/div><\/div>\n<div id='domaca_second'  class='av-layout-grid-container av-dsu9or-09cc28a5f11ecec3b72f0d7972632e8b entry-content-wrapper main_color av-fixed-cells  avia-builder-el-1  el_after_av_fullscreen  avia-builder-el-last  grid-row-not-first  container_wrap fullsize'  >\n\n<style type=\"text\/css\" data-created_by=\"avia_inline_auto\" id=\"style-css-av-c53muj-33174b8304d7296e2ea59414fbadecc0\">\n.flex_cell.av-c53muj-33174b8304d7296e2ea59414fbadecc0{\nvertical-align:middle;\nbackground:url(https:\/\/www.baloh.si\/wp-content\/uploads\/2024\/12\/LHD-Eiche_Rustikal_Loser-Geburstet-1-1030x729.jpg) 50% 50% no-repeat scroll ;\n}\n.responsive #top #wrap_all .flex_cell.av-c53muj-33174b8304d7296e2ea59414fbadecc0{\npadding:0px 0px 0px 0px !important;\n}\n<\/style>\n<div class='flex_cell av-c53muj-33174b8304d7296e2ea59414fbadecc0 av-gridrow-cell av_one_fourth no_margin  avia-builder-el-2  el_before_av_cell_one_fourth  avia-builder-el-first  content-align-middle av-zero-padding'  ><div class='flex_cell_inner'>\n<style type=\"text\/css\" data-created_by=\"avia_inline_auto\" id=\"style-css-av-avntyj-cd9ef6bb076427b4fd199ebd79e54df9\">\n.avia-image-container.av-avntyj-cd9ef6bb076427b4fd199ebd79e54df9 img.avia_image{\nbox-shadow:none;\n}\n.avia-image-container.av-avntyj-cd9ef6bb076427b4fd199ebd79e54df9 .av-caption-image-overlay-bg{\nopacity:0.4;\nbackground-color:#000000;\n}\n.avia-image-container.av-avntyj-cd9ef6bb076427b4fd199ebd79e54df9 .av-image-caption-overlay-center{\ncolor:#ffffff;\n}\n<\/style>\n<div  class='avia-image-container av-avntyj-cd9ef6bb076427b4fd199ebd79e54df9 av-styling- av-img-linked avia-align-center  avia-builder-el-3  avia-builder-el-no-sibling  noHover av-overlay-hover-deactivate'   itemprop=\"image\" itemscope=\"itemscope\" itemtype=\"https:\/\/schema.org\/ImageObject\" ><div class=\"avia-image-container-inner\"><div class=\"avia-image-overlay-wrap\"><a href=\"https:\/\/www.baloh.si\/de\/holzboden\/\" class='avia_image '  aria-label='les_prvastran'><div class=\"av-image-caption-overlay\"><div class=\"av-caption-image-overlay-bg\"><\/div><div class=\"av-image-caption-overlay-position\"><div class=\"av-image-caption-overlay-center\"><p>Holzb\u00f6den<\/p>\n<\/div><\/div><\/div><img decoding=\"async\" fetchpriority=\"high\" class='wp-image-2281 avia-img-lazy-loading-not-2281 avia_image ' src=\"https:\/\/www.baloh.si\/wp-content\/uploads\/2016\/04\/les_prvastran.jpg\" alt='' title='les_prvastran'  height=\"271\" width=\"480\"  itemprop=\"thumbnailUrl\" srcset=\"https:\/\/www.baloh.si\/wp-content\/uploads\/2016\/04\/les_prvastran.jpg 480w, https:\/\/www.baloh.si\/wp-content\/uploads\/2016\/04\/les_prvastran-300x169.jpg 300w, https:\/\/www.baloh.si\/wp-content\/uploads\/2016\/04\/les_prvastran-450x254.jpg 450w\" sizes=\"(max-width: 480px) 100vw, 480px\" \/><\/a><\/div><\/div><\/div>\n<\/div><\/div>\n<style type=\"text\/css\" data-created_by=\"avia_inline_auto\" id=\"style-css-av-92jft7-0f15b43d8a949f40133eda5e533e43bb\">\n.flex_cell.av-92jft7-0f15b43d8a949f40133eda5e533e43bb{\nvertical-align:middle;\nbackground:url(https:\/\/www.baloh.si\/wp-content\/uploads\/2016\/04\/vinilna_prvastran.jpg) 50% 0% no-repeat scroll ;\n}\n.responsive #top #wrap_all .flex_cell.av-92jft7-0f15b43d8a949f40133eda5e533e43bb{\npadding:0px 0px 0px 0px !important;\n}\n<\/style>\n<div class='flex_cell av-92jft7-0f15b43d8a949f40133eda5e533e43bb av-gridrow-cell av_one_fourth no_margin  avia-builder-el-4  el_after_av_cell_one_fourth  el_before_av_cell_one_fourth  content-align-middle av-zero-padding'  ><div class='flex_cell_inner'>\n<style type=\"text\/css\" data-created_by=\"avia_inline_auto\" id=\"style-css-av-885ot7-07ec2feda882939c79d8549cf60c0416\">\n.avia-image-container.av-885ot7-07ec2feda882939c79d8549cf60c0416 img.avia_image{\nbox-shadow:none;\n}\n.avia-image-container.av-885ot7-07ec2feda882939c79d8549cf60c0416 .av-caption-image-overlay-bg{\nopacity:0.4;\nbackground-color:#000000;\n}\n.avia-image-container.av-885ot7-07ec2feda882939c79d8549cf60c0416 .av-image-caption-overlay-center{\ncolor:#ffffff;\n}\n<\/style>\n<div  class='avia-image-container av-885ot7-07ec2feda882939c79d8549cf60c0416 av-styling- av-img-linked avia-align-center  avia-builder-el-5  avia-builder-el-no-sibling  noHover av-overlay-hover-deactivate'   itemprop=\"image\" itemscope=\"itemscope\" itemtype=\"https:\/\/schema.org\/ImageObject\" ><div class=\"avia-image-container-inner\"><div class=\"avia-image-overlay-wrap\"><a href=\"https:\/\/www.baloh.si\/de\/vinyl-bodenbelage\/\" class='avia_image '  aria-label='vinilna_prvastran'><div class=\"av-image-caption-overlay\"><div class=\"av-caption-image-overlay-bg\"><\/div><div class=\"av-image-caption-overlay-position\"><div class=\"av-image-caption-overlay-center\"><p>Vinyl-Bodenbel\u00e4ge<\/p>\n<\/div><\/div><\/div><img decoding=\"async\" fetchpriority=\"high\" class='wp-image-2285 avia-img-lazy-loading-not-2285 avia_image ' src=\"https:\/\/www.baloh.si\/wp-content\/uploads\/2016\/04\/vinilna_prvastran.jpg\" alt='' title='vinilna_prvastran'  height=\"271\" width=\"480\"  itemprop=\"thumbnailUrl\" srcset=\"https:\/\/www.baloh.si\/wp-content\/uploads\/2016\/04\/vinilna_prvastran.jpg 480w, https:\/\/www.baloh.si\/wp-content\/uploads\/2016\/04\/vinilna_prvastran-300x169.jpg 300w, https:\/\/www.baloh.si\/wp-content\/uploads\/2016\/04\/vinilna_prvastran-450x254.jpg 450w\" sizes=\"(max-width: 480px) 100vw, 480px\" \/><\/a><\/div><\/div><\/div>\n<\/div><\/div>\n<style type=\"text\/css\" data-created_by=\"avia_inline_auto\" id=\"style-css-av-5wxxl7-2b1f1edc26f37a07d0757204b11b96d7\">\n.flex_cell.av-5wxxl7-2b1f1edc26f37a07d0757204b11b96d7{\nvertical-align:middle;\nbackground:url(https:\/\/www.baloh.si\/wp-content\/uploads\/2016\/04\/tekstilna_prvastran.jpg) 50% 50% no-repeat scroll ;\n}\n.responsive #top #wrap_all .flex_cell.av-5wxxl7-2b1f1edc26f37a07d0757204b11b96d7{\npadding:0px 0px 0px 0px !important;\n}\n<\/style>\n<div class='flex_cell av-5wxxl7-2b1f1edc26f37a07d0757204b11b96d7 av-gridrow-cell av_one_fourth no_margin  avia-builder-el-6  el_after_av_cell_one_fourth  el_before_av_cell_one_fourth  content-align-middle av-zero-padding'  ><div class='flex_cell_inner'>\n<style type=\"text\/css\" data-created_by=\"avia_inline_auto\" id=\"style-css-av-3ipam3-ada20864e2dd7f02aa3bc1021cf1b92d\">\n.avia-image-container.av-3ipam3-ada20864e2dd7f02aa3bc1021cf1b92d img.avia_image{\nbox-shadow:none;\n}\n.avia-image-container.av-3ipam3-ada20864e2dd7f02aa3bc1021cf1b92d .av-caption-image-overlay-bg{\nopacity:0.4;\nbackground-color:#000000;\n}\n.avia-image-container.av-3ipam3-ada20864e2dd7f02aa3bc1021cf1b92d .av-image-caption-overlay-center{\ncolor:#ffffff;\n}\n<\/style>\n<div  class='avia-image-container av-3ipam3-ada20864e2dd7f02aa3bc1021cf1b92d av-styling- av-img-linked avia-align-center  avia-builder-el-7  avia-builder-el-no-sibling  noHover av-overlay-hover-deactivate'   itemprop=\"image\" itemscope=\"itemscope\" itemtype=\"https:\/\/schema.org\/ImageObject\" ><div class=\"avia-image-container-inner\"><div class=\"avia-image-overlay-wrap\"><a href=\"https:\/\/www.baloh.si\/de\/textile-bodenbelage-teppichboden\/\" class='avia_image '  aria-label='tekstilna_prvastran'><div class=\"av-image-caption-overlay\"><div class=\"av-caption-image-overlay-bg\"><\/div><div class=\"av-image-caption-overlay-position\"><div class=\"av-image-caption-overlay-center\"><p>Textile Bodenbel\u00e4ge<\/p>\n<\/div><\/div><\/div><img decoding=\"async\" fetchpriority=\"high\" class='wp-image-2283 avia-img-lazy-loading-not-2283 avia_image ' src=\"https:\/\/www.baloh.si\/wp-content\/uploads\/2016\/04\/tekstilna_prvastran.jpg\" alt='' title='tekstilna_prvastran'  height=\"271\" width=\"480\"  itemprop=\"thumbnailUrl\" srcset=\"https:\/\/www.baloh.si\/wp-content\/uploads\/2016\/04\/tekstilna_prvastran.jpg 480w, https:\/\/www.baloh.si\/wp-content\/uploads\/2016\/04\/tekstilna_prvastran-300x169.jpg 300w, https:\/\/www.baloh.si\/wp-content\/uploads\/2016\/04\/tekstilna_prvastran-450x254.jpg 450w\" sizes=\"(max-width: 480px) 100vw, 480px\" \/><\/a><\/div><\/div><\/div>\n<\/div><\/div>\n<style type=\"text\/css\" data-created_by=\"avia_inline_auto\" id=\"style-css-av-2lhqhn-22821fd89dbe2ef153c95ed4fff996f9\">\n.flex_cell.av-2lhqhn-22821fd89dbe2ef153c95ed4fff996f9{\nvertical-align:middle;\nbackground:url(https:\/\/www.baloh.si\/wp-content\/uploads\/2016\/04\/dodatni_program_prvastran.jpg) 50% 50% no-repeat scroll ;\n}\n.responsive #top #wrap_all .flex_cell.av-2lhqhn-22821fd89dbe2ef153c95ed4fff996f9{\npadding:0px 0px 0px 0px !important;\n}\n<\/style>\n<div class='flex_cell av-2lhqhn-22821fd89dbe2ef153c95ed4fff996f9 av-gridrow-cell av_one_fourth no_margin  avia-builder-el-8  el_after_av_cell_one_fourth  avia-builder-el-last  content-align-middle av-zero-padding avia-full-stretch'  ><div class='flex_cell_inner'>\n<style type=\"text\/css\" data-created_by=\"avia_inline_auto\" id=\"style-css-av-jxvvhauy-64d5c1d49c31c56bbe162ab8572e961f\">\n.avia-image-container.av-jxvvhauy-64d5c1d49c31c56bbe162ab8572e961f img.avia_image{\nbox-shadow:none;\n}\n.avia-image-container.av-jxvvhauy-64d5c1d49c31c56bbe162ab8572e961f .av-caption-image-overlay-bg{\nopacity:0.4;\nbackground-color:#000000;\n}\n.avia-image-container.av-jxvvhauy-64d5c1d49c31c56bbe162ab8572e961f .av-image-caption-overlay-center{\ncolor:#ffffff;\n}\n<\/style>\n<div  class='avia-image-container av-jxvvhauy-64d5c1d49c31c56bbe162ab8572e961f av-styling- av-img-linked avia-align-center  avia-builder-el-9  avia-builder-el-no-sibling  noHover av-overlay-hover-deactivate'   itemprop=\"image\" itemscope=\"itemscope\" itemtype=\"https:\/\/schema.org\/ImageObject\" ><div class=\"avia-image-container-inner\"><div class=\"avia-image-overlay-wrap\"><a href=\"https:\/\/www.baloh.si\/de\/zubehorprogramm\/\" class='avia_image '  aria-label='dodatni_program_prvastran'><div class=\"av-image-caption-overlay\"><div class=\"av-caption-image-overlay-bg\"><\/div><div class=\"av-image-caption-overlay-position\"><div class=\"av-image-caption-overlay-center\"><p>Zubeh\u00f6rprogramm<\/p>\n<\/div><\/div><\/div><img decoding=\"async\" fetchpriority=\"high\" class='wp-image-2363 avia-img-lazy-loading-not-2363 avia_image ' src=\"https:\/\/www.baloh.si\/wp-content\/uploads\/2016\/04\/dodatni_program_prvastran-1.jpg\" alt='' title='dodatni_program_prvastran'  height=\"271\" width=\"480\"  itemprop=\"thumbnailUrl\" srcset=\"https:\/\/www.baloh.si\/wp-content\/uploads\/2016\/04\/dodatni_program_prvastran-1.jpg 480w, https:\/\/www.baloh.si\/wp-content\/uploads\/2016\/04\/dodatni_program_prvastran-1-300x169.jpg 300w, https:\/\/www.baloh.si\/wp-content\/uploads\/2016\/04\/dodatni_program_prvastran-1-450x254.jpg 450w\" sizes=\"(max-width: 480px) 100vw, 480px\" \/><\/a><\/div><\/div><\/div>\n<\/div><\/div><\/div>\n","protected":false},"excerpt":{"rendered":"","protected":false},"author":1,"featured_media":0,"parent":0,"menu_order":0,"comment_status":"closed","ping_status":"closed","template":"","meta":{"_acf_changed":false,"footnotes":""},"class_list":["post-1771","page","type-page","status-publish","hentry"],"acf":[],"yoast_head":"<!-- This site is optimized with the Yoast SEO plugin v27.2 - https:\/\/yoast.com\/product\/yoast-seo-wordpress\/ -->\n<title>Homepage - Baloh.si<\/title>\n<meta name=\"robots\" content=\"index, follow, max-snippet:-1, max-image-preview:large, max-video-preview:-1\" \/>\n<link rel=\"canonical\" href=\"https:\/\/www.baloh.si\/de\/homepage\/\" \/>\n<meta property=\"og:locale\" content=\"de_DE\" \/>\n<meta property=\"og:type\" content=\"article\" \/>\n<meta property=\"og:title\" content=\"Homepage - Baloh.si\" \/>\n<meta property=\"og:url\" content=\"https:\/\/www.baloh.si\/de\/homepage\/\" \/>\n<meta property=\"og:site_name\" content=\"Baloh.si\" \/>\n<meta property=\"article:modified_time\" content=\"2024-12-05T06:57:29+00:00\" \/>\n<meta name=\"twitter:card\" content=\"summary_large_image\" \/>\n<meta name=\"twitter:label1\" content=\"Gesch\u00e4tzte Lesezeit\" \/>\n\t<meta name=\"twitter:data1\" content=\"1\u00a0Minute\" \/>\n<script type=\"application\/ld+json\" class=\"yoast-schema-graph\">{\"@context\":\"https:\/\/schema.org\",\"@graph\":[{\"@type\":\"WebPage\",\"@id\":\"https:\/\/www.baloh.si\/de\/homepage\/\",\"url\":\"https:\/\/www.baloh.si\/de\/homepage\/\",\"name\":\"Homepage - Baloh.si\",\"isPartOf\":{\"@id\":\"https:\/\/www.baloh.si\/#website\"},\"datePublished\":\"2017-01-20T08:39:39+00:00\",\"dateModified\":\"2024-12-05T06:57:29+00:00\",\"breadcrumb\":{\"@id\":\"https:\/\/www.baloh.si\/de\/homepage\/#breadcrumb\"},\"inLanguage\":\"de\",\"potentialAction\":[{\"@type\":\"ReadAction\",\"target\":[\"https:\/\/www.baloh.si\/de\/homepage\/\"]}]},{\"@type\":\"BreadcrumbList\",\"@id\":\"https:\/\/www.baloh.si\/de\/homepage\/#breadcrumb\",\"itemListElement\":[{\"@type\":\"ListItem\",\"position\":1,\"name\":\"Home\",\"item\":\"https:\/\/www.baloh.si\/de\/homepage\/\"},{\"@type\":\"ListItem\",\"position\":2,\"name\":\"Homepage\"}]},{\"@type\":\"WebSite\",\"@id\":\"https:\/\/www.baloh.si\/#website\",\"url\":\"https:\/\/www.baloh.si\/\",\"name\":\"Baloh.si\",\"description\":\"\",\"potentialAction\":[{\"@type\":\"SearchAction\",\"target\":{\"@type\":\"EntryPoint\",\"urlTemplate\":\"https:\/\/www.baloh.si\/?s={search_term_string}\"},\"query-input\":{\"@type\":\"PropertyValueSpecification\",\"valueRequired\":true,\"valueName\":\"search_term_string\"}}],\"inLanguage\":\"de\"}]}<\/script>\n<!-- \/ Yoast SEO plugin. -->","yoast_head_json":{"title":"Homepage - Baloh.si","robots":{"index":"index","follow":"follow","max-snippet":"max-snippet:-1","max-image-preview":"max-image-preview:large","max-video-preview":"max-video-preview:-1"},"canonical":"https:\/\/www.baloh.si\/de\/homepage\/","og_locale":"de_DE","og_type":"article","og_title":"Homepage - Baloh.si","og_url":"https:\/\/www.baloh.si\/de\/homepage\/","og_site_name":"Baloh.si","article_modified_time":"2024-12-05T06:57:29+00:00","twitter_card":"summary_large_image","twitter_misc":{"Gesch\u00e4tzte Lesezeit":"1\u00a0Minute"},"schema":{"@context":"https:\/\/schema.org","@graph":[{"@type":"WebPage","@id":"https:\/\/www.baloh.si\/de\/homepage\/","url":"https:\/\/www.baloh.si\/de\/homepage\/","name":"Homepage - Baloh.si","isPartOf":{"@id":"https:\/\/www.baloh.si\/#website"},"datePublished":"2017-01-20T08:39:39+00:00","dateModified":"2024-12-05T06:57:29+00:00","breadcrumb":{"@id":"https:\/\/www.baloh.si\/de\/homepage\/#breadcrumb"},"inLanguage":"de","potentialAction":[{"@type":"ReadAction","target":["https:\/\/www.baloh.si\/de\/homepage\/"]}]},{"@type":"BreadcrumbList","@id":"https:\/\/www.baloh.si\/de\/homepage\/#breadcrumb","itemListElement":[{"@type":"ListItem","position":1,"name":"Home","item":"https:\/\/www.baloh.si\/de\/homepage\/"},{"@type":"ListItem","position":2,"name":"Homepage"}]},{"@type":"WebSite","@id":"https:\/\/www.baloh.si\/#website","url":"https:\/\/www.baloh.si\/","name":"Baloh.si","description":"","potentialAction":[{"@type":"SearchAction","target":{"@type":"EntryPoint","urlTemplate":"https:\/\/www.baloh.si\/?s={search_term_string}"},"query-input":{"@type":"PropertyValueSpecification","valueRequired":true,"valueName":"search_term_string"}}],"inLanguage":"de"}]}},"_links":{"self":[{"href":"https:\/\/www.baloh.si\/de\/wp-json\/wp\/v2\/pages\/1771","targetHints":{"allow":["GET"]}}],"collection":[{"href":"https:\/\/www.baloh.si\/de\/wp-json\/wp\/v2\/pages"}],"about":[{"href":"https:\/\/www.baloh.si\/de\/wp-json\/wp\/v2\/types\/page"}],"author":[{"embeddable":true,"href":"https:\/\/www.baloh.si\/de\/wp-json\/wp\/v2\/users\/1"}],"replies":[{"embeddable":true,"href":"https:\/\/www.baloh.si\/de\/wp-json\/wp\/v2\/comments?post=1771"}],"version-history":[{"count":23,"href":"https:\/\/www.baloh.si\/de\/wp-json\/wp\/v2\/pages\/1771\/revisions"}],"predecessor-version":[{"id":11248,"href":"https:\/\/www.baloh.si\/de\/wp-json\/wp\/v2\/pages\/1771\/revisions\/11248"}],"wp:attachment":[{"href":"https:\/\/www.baloh.si\/de\/wp-json\/wp\/v2\/media?parent=1771"}],"curies":[{"name":"wp","href":"https:\/\/api.w.org\/{rel}","templated":true}]}}